{"id":1584,"date":"2020-07-25T17:02:08","date_gmt":"2020-07-25T17:02:08","guid":{"rendered":"https:\/\/levifitze.ch\/?page_id=1584"},"modified":"2023-03-13T21:56:51","modified_gmt":"2023-03-13T21:56:51","slug":"impressum","status":"publish","type":"page","link":"https:\/\/levifitze.ch\/english\/impressum","title":{"rendered":"Impressum"},"content":{"rendered":"<div class=\"wp-block-spacer\" style=\"height: 30px;\" aria-hidden=\"true\">&nbsp;<\/div>\r\n\r\n\r\n\r\n<h2 class=\"has-text-align-center wp-block-heading\">Kontakt-Adresse<\/h2>\r\n\r\n\r\n\r\n<p class=\"has-text-align-center\">Levi Fitze<br>Edelgrueb 15<br>9055 B\u00fchler<br>Schweiz<\/p>\r\n\r\n\r\n\r\n<p class=\"has-text-align-center\">Anfragen bitte an die untenstehende E-Mail Adresse.<\/p>\r\n\r\n\r\n\r\n<p class=\"has-text-align-center\"><a href=\"mailto:info@levifitze.ch\">info@levifitze.ch<\/a><\/p>\r\n\r\n\r\n<hr class=\"wp-block-separator has-css-opacity is-style-wide\">\r\n\r\n\r\n<h2 class=\"has-text-align-center wp-block-heading\">Privacy policy<\/h2>\r\n\r\n\r\n\r\n<p class=\"has-text-align-center\">Bitte beachten Sie die <strong><a href=\"https:\/\/levifitze.ch\/english\/datenschutz\/\">Privacy policy<\/a><\/strong>.<\/p>\r\n\r\n\r\n\r\n<h2 class=\"has-text-align-center wp-block-heading\">Haftungsausschluss<\/h2>\r\n\r\n\r\n\r\n<p class=\"has-text-align-center\">Der Autor \u00fcbernimmt keinerlei Gew\u00e4hr hinsichtlich der inhaltlichen Richtigkeit, Genauigkeit, Aktualit\u00e4t, Zuverl\u00e4ssigkeit und Vollst\u00e4ndigkeit der Informationen.&nbsp;Haftungsanspr\u00fcche gegen den Autor wegen Sch\u00e4den materieller oder immaterieller Art, welche aus dem Zugriff oder der Nutzung bzw. Nichtnutzung der ver\u00f6ffentlichten Informationen, durch Missbrauch der Verbindung oder durch technische St\u00f6rungen entstanden sind, werden ausgeschlossen.&nbsp;Alle Angebote sind unverbindlich. Der Autor beh\u00e4lt es sich ausdr\u00fccklich vor, Teile der Seiten oder das gesamte Angebot ohne besondere Ank\u00fcndigung zu ver\u00e4ndern, zu erg\u00e4nzen, zu l\u00f6schen oder die Ver\u00f6ffentlichung zeitweise oder endg\u00fcltig einzustellen.<\/p>\r\n\r\n\r\n\r\n<h2 class=\"has-text-align-center wp-block-heading\">Haftungsausschluss f\u00fcr Links<\/h2>\r\n\r\n\r\n\r\n<p class=\"has-text-align-center\">Verweise und Links auf Webseiten Dritter liegen ausserhalb meines Verantwortungsbereichs. Es wird jegliche Verantwortung f\u00fcr solche Webseiten abgelehnt. Der Zugriff und die Nutzung jener Webseiten erfolgen auf eigene Gefahr des jeweiligen Nutzers.<\/p>\r\n\r\n\r\n\r\n<h2 class=\"has-text-align-center wp-block-heading\"><strong>Urheberrechte<\/strong><\/h2>\r\n\r\n\r\n\r\n<p class=\"has-text-align-center\">Die Urheber- und alle anderen Rechte an Inhalten, Bildern, Fotos oder anderen Dateien auf dieser Website, geh\u00f6ren ausschliesslich&nbsp;<strong>Levi Fitze<\/strong> oder den speziell genannten Rechteinhabern. F\u00fcr die Reproduktion jeglicher Elemente ist die schriftliche Zustimmung des Urheberrechtstr\u00e4gers im Voraus einzuholen.<\/p>","protected":false},"excerpt":{"rendered":"<p>Kontakt-Adresse Levi FitzeEdelgrueb 159055 B\u00fchlerSchweiz Anfragen bitte an die untenstehende E-Mail Adresse. info@levifitze.ch Datenschutzerkl\u00e4rung Bitte beachten Sie die Datenschutzerkl\u00e4rung. Haftungsausschluss [&hellip;]<\/p>\n","protected":false},"author":1,"featured_media":0,"parent":0,"menu_order":0,"comment_status":"closed","ping_status":"closed","template":"","meta":{"footnotes":""},"class_list":["post-1584","page","type-page","status-publish","hentry"],"_links":{"self":[{"href":"https:\/\/levifitze.ch\/english\/wp-json\/wp\/v2\/pages\/1584","targetHints":{"allow":["GET"]}}],"collection":[{"href":"https:\/\/levifitze.ch\/english\/wp-json\/wp\/v2\/pages"}],"about":[{"href":"https:\/\/levifitze.ch\/english\/wp-json\/wp\/v2\/types\/page"}],"author":[{"embeddable":true,"href":"https:\/\/levifitze.ch\/english\/wp-json\/wp\/v2\/users\/1"}],"replies":[{"embeddable":true,"href":"https:\/\/levifitze.ch\/english\/wp-json\/wp\/v2\/comments?post=1584"}],"version-history":[{"count":24,"href":"https:\/\/levifitze.ch\/english\/wp-json\/wp\/v2\/pages\/1584\/revisions"}],"predecessor-version":[{"id":7297,"href":"https:\/\/levifitze.ch\/english\/wp-json\/wp\/v2\/pages\/1584\/revisions\/7297"}],"wp:attachment":[{"href":"https:\/\/levifitze.ch\/english\/wp-json\/wp\/v2\/media?parent=1584"}],"curies":[{"name":"wp","href":"https:\/\/api.w.org\/{rel}","templated":true}]}}