{"id":6559,"date":"2023-02-05T15:27:01","date_gmt":"2023-02-05T15:27:01","guid":{"rendered":"https:\/\/levifitze.ch\/?page_id=6559"},"modified":"2023-10-13T13:15:46","modified_gmt":"2023-10-13T13:15:46","slug":"vortrag_sudamerika","status":"publish","type":"page","link":"https:\/\/levifitze.ch\/english\/vortrag_sudamerika","title":{"rendered":"Vortrag S\u00fcdamerika"},"content":{"rendered":"<div class=\"wpb-content-wrapper\"><div data-parent=\"true\" class=\"vc_row row-container\" id=\"row-unique-0\"><div class=\"row limit-width row-parent\"><div class=\"wpb_row row-inner\"><div class=\"wpb_column pos-top pos-center align_center column_parent col-lg-6 single-internal-gutter\"><div class=\"uncol style-light\"  ><div class=\"uncoltable\"><div class=\"uncell no-block-padding\" ><div class=\"uncont\" ><div class=\"uncode_text_column\" ><p><strong><span style=\"font-size: 18pt;\"><span style=\"color: #000000;\">Vortrag &#8211; Zu Pinguinen,\u00a0Pumas &amp; Co<\/span><\/span><\/strong><\/p>\n<p><span style=\"color: #000000;\">Das im S\u00fcdatlantik liegende Insel-Archipel bietet viele \u00dcberraschungen. So bestehen die Falklandinseln, neben den grossen Hauptinseln West- und Eastisland, aus rund siebenhundert kleineren und gr\u00f6sseren Inseln. Die Kombination aus einem riesigen Inselarchipel und der S\u00fcdatlantische Standort nahe der Antarktis, haben auf den Falklands eine noch gr\u00f6sstenteils unber\u00fchrte und in ihrer Vielfalt unvergleichbare Biodiversit\u00e4t hervorgebracht. Viele der Inseln sind nur begrenzt zug\u00e4nglich, was der Tier- und Pflanzenwelt zugutekommt. Ich hatte bereits einiges von den Falklandinseln geh\u00f6rt, mir jedoch nicht ertr\u00e4umt, in den n\u00e4chsten Jahren mit einer Reise ans andere Ende der Welt konfrontiert zu sein. Doch genau das geschah im August 2022, als ich von einem befreundeten Fotografen die Einladung bekam, ihn spontan auf einer Fotoexpedition im November 2022 zu begleiten.<span class=\"Apple-converted-space\">\u00a0<\/span><\/span><\/p>\n<p><span style=\"color: #000000;\">Unsere Reise bestand aus einer Woche in Patagonien, wo wir uns in erster Linie auf die Spuren wilder Pumas machten. Daneben konnten wir unz\u00e4hlige geniale Vogelarten und weitere S\u00e4ugetiere in der kargen Landschaft rund um den Torres del Paine Nationalpark beobachten. Danach ging es von Punta Arenas weiter auf das Falkland-Archipel. Dort verbrachten wir zwei Wochen auf drei unterschiedlichen Inseln, wo wir Schwarzbrauenalbatrosse, Orcas, Seelefanten, Pinguine etc. beobachten unf fotografieren konnten.<span class=\"Apple-converted-space\">\u00a0<\/span><\/span><\/p>\n<p><span style=\"color: #000000;\"><b>In diesem Vortrag entf\u00fchre ich die Zuh\u00f6rer ans andere Ende der Welt, erz\u00e4hle Anektoden, teile Erlebnisse und zeige die beste Auswahl aus gut 100\u2018000 entstandenen Fotos.<span class=\"Apple-converted-space\">\u00a0<\/span><\/b><\/span><\/p>\n<\/div><div class=\"vc_row row-internal row-container\"><div class=\"row row-child\"><div class=\"wpb_row row-inner\"><div class=\"wpb_column pos-top pos-center align_center column_child col-lg-4 single-internal-gutter\"><div class=\"uncol style-light\" ><div class=\"uncoltable\"><div class=\"uncell no-block-padding\" ><div class=\"uncont\" ><span class=\"btn-container\" ><a role=\"button\"  href=\"\" class=\"custom-link btn btn-sm border-width-0 btn-default btn-icon-left\">Dauer ca. 1h<\/a><\/span><\/div><\/div><\/div><\/div><\/div><div class=\"wpb_column pos-top pos-center align_center column_child col-lg-4 single-internal-gutter\"><div class=\"uncol style-light\" ><div class=\"uncoltable\"><div class=\"uncell no-block-padding\" ><div class=\"uncont\" ><span class=\"btn-container\" ><a role=\"button\"  href=\"\" class=\"custom-link btn btn-sm border-width-0 btn-default btn-icon-left\">Geeignet f\u00fcr jung &amp; alt<\/a><\/span><\/div><\/div><\/div><\/div><\/div><div class=\"wpb_column pos-top pos-center align_center column_child col-lg-4 single-internal-gutter\"><div class=\"uncol style-light\" ><div class=\"uncoltable\"><div class=\"uncell no-block-padding\" ><div class=\"uncont\" ><span class=\"btn-container\" ><a role=\"button\"  href=\"\" class=\"custom-link btn btn-sm border-width-0 btn-default btn-icon-left\">Preis auf Anfrage<\/a><\/span><\/div><\/div><\/div><\/div><\/div><\/div><\/div><\/div><div class=\"uncode_text_column\" ><\/p>\n<p style=\"text-align: center;\"><span style=\"color: #000000;\">Ich freue mich auf deine unverbindliche Terminanfrage an info@levifitze.ch!<\/span><\/p>\n<p>\n<\/div><div class=\"divider-wrapper\"  >\n    <hr class=\"unseparator separator-no-padding\"  \/>\n<\/div>\n<span class=\"btn-container\" ><a role=\"button\"  href=\"mailto: info@levifitze.ch\" class=\"custom-link btn btn-lg border-width-0 btn-default btn-icon-left\">Meine Terminanfrage<\/a><\/span><\/div><\/div><\/div><\/div><\/div><div class=\"wpb_column pos-top pos-center align_left column_parent col-lg-6 single-internal-gutter\"><div class=\"uncol style-light\"  ><div class=\"uncoltable\"><div class=\"uncell no-block-padding\" ><div class=\"uncont\" ><div id=\"gallery-991838\" class=\"un-media-gallery isotope-system isotope-general-light grid-general-light\">\n\t\t\t\t\t\n\t\n\t<div class=\"isotope-wrapper grid-wrapper single-gutter\" >\n\t\t\t\t\t\t\t\t\t<div class=\"isotope-container isotope-layout style-masonry\" data-type=\"masonry\" data-layout=\"masonry\" data-lg=\"1000\" data-md=\"600\" data-sm=\"480\">\n<div class=\"tmb tmb-iso-w4 tmb-iso-h4 tmb-light tmb-overlay-text-anim tmb-overlay-anim tmb-overlay-middle tmb-overlay-text-left tmb-image-anim tmb-bordered tmb-id-7594  tmb-media-first tmb-media-last tmb-content-overlay tmb-no-bg tmb-lightbox\" ><div class=\"t-inside no-anim\" ><div class=\"t-entry-visual\"><div class=\"t-entry-visual-tc\"><div class=\"t-entry-visual-cont\"><div class=\"dummy\" style=\"padding-top: 56.2%;\"><\/div><a href=\"https:\/\/levifitze.ch\/wp-content\/uploads\/2023\/03\/BTS_Levi_Fitze_010.jpg\"  class=\"pushed\" data-active=\"1\" data-lbox=\"ilightbox_gallery-991838\" data-external-thumb-image=\"https:\/\/levifitze.ch\/wp-content\/uploads\/2023\/03\/BTS_Levi_Fitze_010-150x150.jpg\" data-lg-size=\"1774-997\" data-lb-index=\"0\"><div class=\"t-entry-visual-overlay\"><div class=\"t-entry-visual-overlay-in style-dark-bg\" style=\"opacity: 0.5;\"><\/div><\/div><img decoding=\"async\" class=\"wp-image-7594\" src=\"https:\/\/levifitze.ch\/wp-content\/uploads\/2023\/03\/BTS_Levi_Fitze_010.jpg\" width=\"1774\" height=\"997\" alt=\"\" srcset=\"https:\/\/levifitze.ch\/wp-content\/uploads\/2023\/03\/BTS_Levi_Fitze_010.jpg 1774w, https:\/\/levifitze.ch\/wp-content\/uploads\/2023\/03\/BTS_Levi_Fitze_010-600x337.jpg 600w, https:\/\/levifitze.ch\/wp-content\/uploads\/2023\/03\/BTS_Levi_Fitze_010-300x169.jpg 300w, https:\/\/levifitze.ch\/wp-content\/uploads\/2023\/03\/BTS_Levi_Fitze_010-1024x575.jpg 1024w, https:\/\/levifitze.ch\/wp-content\/uploads\/2023\/03\/BTS_Levi_Fitze_010-768x432.jpg 768w, https:\/\/levifitze.ch\/wp-content\/uploads\/2023\/03\/BTS_Levi_Fitze_010-1536x863.jpg 1536w, https:\/\/levifitze.ch\/wp-content\/uploads\/2023\/03\/BTS_Levi_Fitze_010-350x197.jpg 350w, https:\/\/levifitze.ch\/wp-content\/uploads\/2023\/03\/BTS_Levi_Fitze_010-uai-720x405.jpg 720w\" sizes=\"(max-width: 1774px) 100vw, 1774px\" \/><\/a><\/div>\n\t\t\t\t\t<\/div>\n\t\t\t\t<\/div><\/div><\/div><div class=\"tmb tmb-iso-w4 tmb-iso-h4 tmb-light tmb-overlay-text-anim tmb-overlay-anim tmb-overlay-middle tmb-overlay-text-left tmb-image-anim tmb-bordered tmb-id-8337  tmb-media-first tmb-media-last tmb-content-overlay tmb-no-bg tmb-lightbox\" ><div class=\"t-inside no-anim\" ><div class=\"t-entry-visual\"><div class=\"t-entry-visual-tc\"><div class=\"t-entry-visual-cont\"><div class=\"dummy\" style=\"padding-top: 56.3%;\"><\/div><a href=\"https:\/\/levifitze.ch\/wp-content\/uploads\/2023\/05\/Seelefant58.jpg\"  class=\"pushed\" data-active=\"1\" data-lbox=\"ilightbox_gallery-991838\" data-external-thumb-image=\"https:\/\/levifitze.ch\/wp-content\/uploads\/2023\/05\/Seelefant58-150x150.jpg\" data-lg-size=\"2000-1125\" data-lb-index=\"1\"><div class=\"t-entry-visual-overlay\"><div class=\"t-entry-visual-overlay-in style-dark-bg\" style=\"opacity: 0.5;\"><\/div><\/div><img decoding=\"async\" class=\"wp-image-8337\" src=\"https:\/\/levifitze.ch\/wp-content\/uploads\/2023\/05\/Seelefant58.jpg\" width=\"2000\" height=\"1125\" alt=\"\" srcset=\"https:\/\/levifitze.ch\/wp-content\/uploads\/2023\/05\/Seelefant58.jpg 2000w, https:\/\/levifitze.ch\/wp-content\/uploads\/2023\/05\/Seelefant58-600x338.jpg 600w, https:\/\/levifitze.ch\/wp-content\/uploads\/2023\/05\/Seelefant58-300x169.jpg 300w, https:\/\/levifitze.ch\/wp-content\/uploads\/2023\/05\/Seelefant58-1024x576.jpg 1024w, https:\/\/levifitze.ch\/wp-content\/uploads\/2023\/05\/Seelefant58-768x432.jpg 768w, https:\/\/levifitze.ch\/wp-content\/uploads\/2023\/05\/Seelefant58-1536x864.jpg 1536w, https:\/\/levifitze.ch\/wp-content\/uploads\/2023\/05\/Seelefant58-350x197.jpg 350w, https:\/\/levifitze.ch\/wp-content\/uploads\/2023\/05\/Seelefant58-1320x743.jpg 1320w, https:\/\/levifitze.ch\/wp-content\/uploads\/2023\/05\/Seelefant58-uai-720x405.jpg 720w\" sizes=\"(max-width: 2000px) 100vw, 2000px\" \/><\/a><\/div>\n\t\t\t\t\t<\/div>\n\t\t\t\t<\/div><\/div><\/div><div class=\"tmb tmb-iso-w4 tmb-iso-h4 tmb-light tmb-overlay-text-anim tmb-overlay-anim tmb-overlay-middle tmb-overlay-text-left tmb-image-anim tmb-bordered tmb-id-7726  tmb-media-first tmb-media-last tmb-content-overlay tmb-no-bg tmb-lightbox\" ><div class=\"t-inside no-anim\" ><div class=\"t-entry-visual\"><div class=\"t-entry-visual-tc\"><div class=\"t-entry-visual-cont\"><div class=\"dummy\" style=\"padding-top: 56.3%;\"><\/div><a href=\"https:\/\/levifitze.ch\/wp-content\/uploads\/2023\/03\/Puma12.jpg\"  class=\"pushed\" data-active=\"1\" data-lbox=\"ilightbox_gallery-991838\" data-external-thumb-image=\"https:\/\/levifitze.ch\/wp-content\/uploads\/2023\/03\/Puma12-150x150.jpg\" data-lg-size=\"2000-1125\" data-lb-index=\"2\"><div class=\"t-entry-visual-overlay\"><div class=\"t-entry-visual-overlay-in style-dark-bg\" style=\"opacity: 0.5;\"><\/div><\/div><img decoding=\"async\" class=\"wp-image-7726\" src=\"https:\/\/levifitze.ch\/wp-content\/uploads\/2023\/03\/Puma12.jpg\" width=\"2000\" height=\"1125\" alt=\"\" srcset=\"https:\/\/levifitze.ch\/wp-content\/uploads\/2023\/03\/Puma12.jpg 2000w, https:\/\/levifitze.ch\/wp-content\/uploads\/2023\/03\/Puma12-600x338.jpg 600w, https:\/\/levifitze.ch\/wp-content\/uploads\/2023\/03\/Puma12-300x169.jpg 300w, https:\/\/levifitze.ch\/wp-content\/uploads\/2023\/03\/Puma12-1024x576.jpg 1024w, https:\/\/levifitze.ch\/wp-content\/uploads\/2023\/03\/Puma12-768x432.jpg 768w, https:\/\/levifitze.ch\/wp-content\/uploads\/2023\/03\/Puma12-1536x864.jpg 1536w, https:\/\/levifitze.ch\/wp-content\/uploads\/2023\/03\/Puma12-350x197.jpg 350w, https:\/\/levifitze.ch\/wp-content\/uploads\/2023\/03\/Puma12-1320x743.jpg 1320w, https:\/\/levifitze.ch\/wp-content\/uploads\/2023\/03\/Puma12-uai-900x506.jpg 900w, https:\/\/levifitze.ch\/wp-content\/uploads\/2023\/03\/Puma12-uai-720x405.jpg 720w\" sizes=\"(max-width: 2000px) 100vw, 2000px\" \/><\/a><\/div>\n\t\t\t\t\t<\/div>\n\t\t\t\t<\/div><\/div><\/div><div class=\"tmb tmb-iso-w4 tmb-iso-h4 tmb-light tmb-overlay-text-anim tmb-overlay-anim tmb-overlay-middle tmb-overlay-text-left tmb-image-anim tmb-bordered tmb-id-9517  tmb-media-first tmb-media-last tmb-content-overlay tmb-no-bg tmb-lightbox\" ><div class=\"t-inside no-anim\" ><div class=\"t-entry-visual\"><div class=\"t-entry-visual-tc\"><div class=\"t-entry-visual-cont\"><div class=\"dummy\" style=\"padding-top: 56.3%;\"><\/div><a href=\"https:\/\/levifitze.ch\/wp-content\/uploads\/2023\/10\/Falklands_Website_LeviFitze_0035-1.jpg\"  class=\"pushed\" data-active=\"1\" data-lbox=\"ilightbox_gallery-991838\" data-external-thumb-image=\"https:\/\/levifitze.ch\/wp-content\/uploads\/2023\/10\/Falklands_Website_LeviFitze_0035-1-150x150.jpg\" data-lg-size=\"1920-1080\" data-lb-index=\"3\"><div class=\"t-entry-visual-overlay\"><div class=\"t-entry-visual-overlay-in style-dark-bg\" style=\"opacity: 0.5;\"><\/div><\/div><img decoding=\"async\" class=\"wp-image-9517\" src=\"https:\/\/levifitze.ch\/wp-content\/uploads\/2023\/10\/Falklands_Website_LeviFitze_0035-1.jpg\" width=\"1920\" height=\"1080\" alt=\"\" srcset=\"https:\/\/levifitze.ch\/wp-content\/uploads\/2023\/10\/Falklands_Website_LeviFitze_0035-1.jpg 1920w, https:\/\/levifitze.ch\/wp-content\/uploads\/2023\/10\/Falklands_Website_LeviFitze_0035-1-600x338.jpg 600w, https:\/\/levifitze.ch\/wp-content\/uploads\/2023\/10\/Falklands_Website_LeviFitze_0035-1-300x169.jpg 300w, https:\/\/levifitze.ch\/wp-content\/uploads\/2023\/10\/Falklands_Website_LeviFitze_0035-1-1024x576.jpg 1024w, https:\/\/levifitze.ch\/wp-content\/uploads\/2023\/10\/Falklands_Website_LeviFitze_0035-1-768x432.jpg 768w, https:\/\/levifitze.ch\/wp-content\/uploads\/2023\/10\/Falklands_Website_LeviFitze_0035-1-1536x864.jpg 1536w, https:\/\/levifitze.ch\/wp-content\/uploads\/2023\/10\/Falklands_Website_LeviFitze_0035-1-350x197.jpg 350w, https:\/\/levifitze.ch\/wp-content\/uploads\/2023\/10\/Falklands_Website_LeviFitze_0035-1-1320x743.jpg 1320w, https:\/\/levifitze.ch\/wp-content\/uploads\/2023\/10\/Falklands_Website_LeviFitze_0035-1-uai-720x405.jpg 720w\" sizes=\"(max-width: 1920px) 100vw, 1920px\" \/><\/a><\/div>\n\t\t\t\t\t<\/div>\n\t\t\t\t<\/div><\/div><\/div><div class=\"tmb tmb-iso-w4 tmb-iso-h4 tmb-light tmb-overlay-text-anim tmb-overlay-anim tmb-overlay-middle tmb-overlay-text-left tmb-image-anim tmb-bordered tmb-id-8277  tmb-media-first tmb-media-last tmb-content-overlay tmb-no-bg tmb-lightbox\" ><div class=\"t-inside no-anim\" ><div class=\"t-entry-visual\"><div class=\"t-entry-visual-tc\"><div class=\"t-entry-visual-cont\"><div class=\"dummy\" style=\"padding-top: 66.7%;\"><\/div><a href=\"https:\/\/levifitze.ch\/wp-content\/uploads\/2023\/05\/Rockhopper6.jpg\"  class=\"pushed\" data-active=\"1\" data-lbox=\"ilightbox_gallery-991838\" data-external-thumb-image=\"https:\/\/levifitze.ch\/wp-content\/uploads\/2023\/05\/Rockhopper6-150x150.jpg\" data-lg-size=\"2000-1333\" data-lb-index=\"4\"><div class=\"t-entry-visual-overlay\"><div class=\"t-entry-visual-overlay-in style-dark-bg\" style=\"opacity: 0.5;\"><\/div><\/div><img decoding=\"async\" class=\"wp-image-8277\" src=\"https:\/\/levifitze.ch\/wp-content\/uploads\/2023\/05\/Rockhopper6.jpg\" width=\"2000\" height=\"1333\" alt=\"\" srcset=\"https:\/\/levifitze.ch\/wp-content\/uploads\/2023\/05\/Rockhopper6.jpg 2000w, https:\/\/levifitze.ch\/wp-content\/uploads\/2023\/05\/Rockhopper6-600x400.jpg 600w, https:\/\/levifitze.ch\/wp-content\/uploads\/2023\/05\/Rockhopper6-300x200.jpg 300w, https:\/\/levifitze.ch\/wp-content\/uploads\/2023\/05\/Rockhopper6-1024x682.jpg 1024w, https:\/\/levifitze.ch\/wp-content\/uploads\/2023\/05\/Rockhopper6-768x512.jpg 768w, https:\/\/levifitze.ch\/wp-content\/uploads\/2023\/05\/Rockhopper6-1536x1024.jpg 1536w, https:\/\/levifitze.ch\/wp-content\/uploads\/2023\/05\/Rockhopper6-350x233.jpg 350w, https:\/\/levifitze.ch\/wp-content\/uploads\/2023\/05\/Rockhopper6-1320x880.jpg 1320w, https:\/\/levifitze.ch\/wp-content\/uploads\/2023\/05\/Rockhopper6-uai-720x480.jpg 720w\" sizes=\"(max-width: 2000px) 100vw, 2000px\" \/><\/a><\/div>\n\t\t\t\t\t<\/div>\n\t\t\t\t<\/div><\/div><\/div><div class=\"tmb tmb-iso-w4 tmb-iso-h4 tmb-light tmb-overlay-text-anim tmb-overlay-anim tmb-overlay-middle tmb-overlay-text-left tmb-image-anim tmb-bordered tmb-id-9488  tmb-media-first tmb-media-last tmb-content-overlay tmb-no-bg tmb-lightbox\" ><div class=\"t-inside no-anim\" ><div class=\"t-entry-visual\"><div class=\"t-entry-visual-tc\"><div class=\"t-entry-visual-cont\"><div class=\"dummy\" style=\"padding-top: 66.9%;\"><\/div><a href=\"https:\/\/levifitze.ch\/wp-content\/uploads\/2023\/10\/Falklands_Website_LeviFitze_0011-1.jpg\"  class=\"pushed\" data-active=\"1\" data-lbox=\"ilightbox_gallery-991838\" data-external-thumb-image=\"https:\/\/levifitze.ch\/wp-content\/uploads\/2023\/10\/Falklands_Website_LeviFitze_0011-1-150x150.jpg\" data-lg-size=\"1920-1285\" data-lb-index=\"5\"><div class=\"t-entry-visual-overlay\"><div class=\"t-entry-visual-overlay-in style-dark-bg\" style=\"opacity: 0.5;\"><\/div><\/div><img decoding=\"async\" class=\"wp-image-9488\" src=\"https:\/\/levifitze.ch\/wp-content\/uploads\/2023\/10\/Falklands_Website_LeviFitze_0011-1.jpg\" width=\"1920\" height=\"1285\" alt=\"\" srcset=\"https:\/\/levifitze.ch\/wp-content\/uploads\/2023\/10\/Falklands_Website_LeviFitze_0011-1.jpg 1920w, https:\/\/levifitze.ch\/wp-content\/uploads\/2023\/10\/Falklands_Website_LeviFitze_0011-1-600x402.jpg 600w, https:\/\/levifitze.ch\/wp-content\/uploads\/2023\/10\/Falklands_Website_LeviFitze_0011-1-300x201.jpg 300w, https:\/\/levifitze.ch\/wp-content\/uploads\/2023\/10\/Falklands_Website_LeviFitze_0011-1-1024x685.jpg 1024w, https:\/\/levifitze.ch\/wp-content\/uploads\/2023\/10\/Falklands_Website_LeviFitze_0011-1-768x514.jpg 768w, https:\/\/levifitze.ch\/wp-content\/uploads\/2023\/10\/Falklands_Website_LeviFitze_0011-1-1536x1028.jpg 1536w, https:\/\/levifitze.ch\/wp-content\/uploads\/2023\/10\/Falklands_Website_LeviFitze_0011-1-350x234.jpg 350w, https:\/\/levifitze.ch\/wp-content\/uploads\/2023\/10\/Falklands_Website_LeviFitze_0011-1-1320x883.jpg 1320w, https:\/\/levifitze.ch\/wp-content\/uploads\/2023\/10\/Falklands_Website_LeviFitze_0011-1-uai-720x482.jpg 720w\" sizes=\"(max-width: 1920px) 100vw, 1920px\" \/><\/a><\/div>\n\t\t\t\t\t<\/div>\n\t\t\t\t<\/div><\/div><\/div><div class=\"tmb tmb-iso-w4 tmb-iso-h4 tmb-light tmb-overlay-text-anim tmb-overlay-anim tmb-overlay-middle tmb-overlay-text-left tmb-image-anim tmb-bordered tmb-id-9489  tmb-media-first tmb-media-last tmb-content-overlay tmb-no-bg tmb-lightbox\" ><div class=\"t-inside no-anim\" ><div class=\"t-entry-visual\"><div class=\"t-entry-visual-tc\"><div class=\"t-entry-visual-cont\"><div class=\"dummy\" style=\"padding-top: 66.7%;\"><\/div><a href=\"https:\/\/levifitze.ch\/wp-content\/uploads\/2023\/10\/Falklands_Website_LeviFitze_0012-1.jpg\"  class=\"pushed\" data-active=\"1\" data-lbox=\"ilightbox_gallery-991838\" data-external-thumb-image=\"https:\/\/levifitze.ch\/wp-content\/uploads\/2023\/10\/Falklands_Website_LeviFitze_0012-1-150x150.jpg\" data-lg-size=\"1920-1280\" data-lb-index=\"6\"><div class=\"t-entry-visual-overlay\"><div class=\"t-entry-visual-overlay-in style-dark-bg\" style=\"opacity: 0.5;\"><\/div><\/div><img decoding=\"async\" class=\"wp-image-9489\" src=\"https:\/\/levifitze.ch\/wp-content\/uploads\/2023\/10\/Falklands_Website_LeviFitze_0012-1.jpg\" width=\"1920\" height=\"1280\" alt=\"\" srcset=\"https:\/\/levifitze.ch\/wp-content\/uploads\/2023\/10\/Falklands_Website_LeviFitze_0012-1.jpg 1920w, https:\/\/levifitze.ch\/wp-content\/uploads\/2023\/10\/Falklands_Website_LeviFitze_0012-1-600x400.jpg 600w, https:\/\/levifitze.ch\/wp-content\/uploads\/2023\/10\/Falklands_Website_LeviFitze_0012-1-300x200.jpg 300w, https:\/\/levifitze.ch\/wp-content\/uploads\/2023\/10\/Falklands_Website_LeviFitze_0012-1-1024x683.jpg 1024w, https:\/\/levifitze.ch\/wp-content\/uploads\/2023\/10\/Falklands_Website_LeviFitze_0012-1-768x512.jpg 768w, https:\/\/levifitze.ch\/wp-content\/uploads\/2023\/10\/Falklands_Website_LeviFitze_0012-1-1536x1024.jpg 1536w, https:\/\/levifitze.ch\/wp-content\/uploads\/2023\/10\/Falklands_Website_LeviFitze_0012-1-350x233.jpg 350w, https:\/\/levifitze.ch\/wp-content\/uploads\/2023\/10\/Falklands_Website_LeviFitze_0012-1-1320x880.jpg 1320w, https:\/\/levifitze.ch\/wp-content\/uploads\/2023\/10\/Falklands_Website_LeviFitze_0012-1-uai-720x480.jpg 720w\" sizes=\"(max-width: 1920px) 100vw, 1920px\" \/><\/a><\/div>\n\t\t\t\t\t<\/div>\n\t\t\t\t<\/div><\/div><\/div><div class=\"tmb tmb-iso-w4 tmb-iso-h4 tmb-light tmb-overlay-text-anim tmb-overlay-anim tmb-overlay-middle tmb-overlay-text-left tmb-image-anim tmb-bordered tmb-id-7588  tmb-media-first tmb-media-last tmb-content-overlay tmb-no-bg tmb-lightbox\" ><div class=\"t-inside no-anim\" ><div class=\"t-entry-visual\"><div class=\"t-entry-visual-tc\"><div class=\"t-entry-visual-cont\"><div class=\"dummy\" style=\"padding-top: 56.3%;\"><\/div><a href=\"https:\/\/levifitze.ch\/wp-content\/uploads\/2023\/03\/BTS_Levi_Fitze_004.jpg\"  class=\"pushed\" data-active=\"1\" data-lbox=\"ilightbox_gallery-991838\" data-external-thumb-image=\"https:\/\/levifitze.ch\/wp-content\/uploads\/2023\/03\/BTS_Levi_Fitze_004-150x150.jpg\" data-lg-size=\"2560-1440\" data-lb-index=\"7\"><div class=\"t-entry-visual-overlay\"><div class=\"t-entry-visual-overlay-in style-dark-bg\" style=\"opacity: 0.5;\"><\/div><\/div><img decoding=\"async\" class=\"wp-image-7588\" src=\"https:\/\/levifitze.ch\/wp-content\/uploads\/2023\/03\/BTS_Levi_Fitze_004.jpg\" width=\"2560\" height=\"1440\" alt=\"\" srcset=\"https:\/\/levifitze.ch\/wp-content\/uploads\/2023\/03\/BTS_Levi_Fitze_004.jpg 2560w, https:\/\/levifitze.ch\/wp-content\/uploads\/2023\/03\/BTS_Levi_Fitze_004-600x338.jpg 600w, https:\/\/levifitze.ch\/wp-content\/uploads\/2023\/03\/BTS_Levi_Fitze_004-300x169.jpg 300w, https:\/\/levifitze.ch\/wp-content\/uploads\/2023\/03\/BTS_Levi_Fitze_004-1024x576.jpg 1024w, https:\/\/levifitze.ch\/wp-content\/uploads\/2023\/03\/BTS_Levi_Fitze_004-768x432.jpg 768w, https:\/\/levifitze.ch\/wp-content\/uploads\/2023\/03\/BTS_Levi_Fitze_004-1536x864.jpg 1536w, https:\/\/levifitze.ch\/wp-content\/uploads\/2023\/03\/BTS_Levi_Fitze_004-2048x1152.jpg 2048w, https:\/\/levifitze.ch\/wp-content\/uploads\/2023\/03\/BTS_Levi_Fitze_004-350x197.jpg 350w, https:\/\/levifitze.ch\/wp-content\/uploads\/2023\/03\/BTS_Levi_Fitze_004-uai-720x405.jpg 720w\" sizes=\"(max-width: 2560px) 100vw, 2560px\" \/><\/a><\/div>\n\t\t\t\t\t<\/div>\n\t\t\t\t<\/div><\/div><\/div><div class=\"tmb tmb-iso-w4 tmb-iso-h4 tmb-light tmb-overlay-text-anim tmb-overlay-anim tmb-overlay-middle tmb-overlay-text-left tmb-image-anim tmb-bordered tmb-id-9479  tmb-media-first tmb-media-last tmb-content-overlay tmb-no-bg tmb-lightbox\" ><div class=\"t-inside no-anim\" ><div class=\"t-entry-visual\"><div class=\"t-entry-visual-tc\"><div class=\"t-entry-visual-cont\"><div class=\"dummy\" style=\"padding-top: 62.5%;\"><\/div><a href=\"https:\/\/levifitze.ch\/wp-content\/uploads\/2023\/10\/Falklands_Website_LeviFitze_0002.jpg\"  class=\"pushed\" data-active=\"1\" data-lbox=\"ilightbox_gallery-991838\" data-external-thumb-image=\"https:\/\/levifitze.ch\/wp-content\/uploads\/2023\/10\/Falklands_Website_LeviFitze_0002-150x150.jpg\" data-lg-size=\"1920-1200\" data-lb-index=\"8\"><div class=\"t-entry-visual-overlay\"><div class=\"t-entry-visual-overlay-in style-dark-bg\" style=\"opacity: 0.5;\"><\/div><\/div><img decoding=\"async\" class=\"wp-image-9479\" src=\"https:\/\/levifitze.ch\/wp-content\/uploads\/2023\/10\/Falklands_Website_LeviFitze_0002.jpg\" width=\"1920\" height=\"1200\" alt=\"\" srcset=\"https:\/\/levifitze.ch\/wp-content\/uploads\/2023\/10\/Falklands_Website_LeviFitze_0002.jpg 1920w, https:\/\/levifitze.ch\/wp-content\/uploads\/2023\/10\/Falklands_Website_LeviFitze_0002-600x375.jpg 600w, https:\/\/levifitze.ch\/wp-content\/uploads\/2023\/10\/Falklands_Website_LeviFitze_0002-300x188.jpg 300w, https:\/\/levifitze.ch\/wp-content\/uploads\/2023\/10\/Falklands_Website_LeviFitze_0002-1024x640.jpg 1024w, https:\/\/levifitze.ch\/wp-content\/uploads\/2023\/10\/Falklands_Website_LeviFitze_0002-768x480.jpg 768w, https:\/\/levifitze.ch\/wp-content\/uploads\/2023\/10\/Falklands_Website_LeviFitze_0002-1536x960.jpg 1536w, https:\/\/levifitze.ch\/wp-content\/uploads\/2023\/10\/Falklands_Website_LeviFitze_0002-350x219.jpg 350w, https:\/\/levifitze.ch\/wp-content\/uploads\/2023\/10\/Falklands_Website_LeviFitze_0002-1320x825.jpg 1320w, https:\/\/levifitze.ch\/wp-content\/uploads\/2023\/10\/Falklands_Website_LeviFitze_0002-uai-720x450.jpg 720w\" sizes=\"(max-width: 1920px) 100vw, 1920px\" \/><\/a><\/div>\n\t\t\t\t\t<\/div>\n\t\t\t\t<\/div><\/div><\/div><div class=\"tmb tmb-iso-w4 tmb-iso-h4 tmb-light tmb-overlay-text-anim tmb-overlay-anim tmb-overlay-middle tmb-overlay-text-left tmb-image-anim tmb-bordered tmb-id-7689  tmb-media-first tmb-media-last tmb-content-overlay tmb-no-bg tmb-lightbox\" ><div class=\"t-inside no-anim\" ><div class=\"t-entry-visual\"><div class=\"t-entry-visual-tc\"><div class=\"t-entry-visual-cont\"><div class=\"dummy\" style=\"padding-top: 56.3%;\"><\/div><a href=\"https:\/\/levifitze.ch\/wp-content\/uploads\/2023\/03\/Landschaft-1.jpg\"  class=\"pushed\" data-active=\"1\" data-lbox=\"ilightbox_gallery-991838\" data-external-thumb-image=\"https:\/\/levifitze.ch\/wp-content\/uploads\/2023\/03\/Landschaft-1-150x150.jpg\" data-lg-size=\"2000-1125\" data-lb-index=\"9\"><div class=\"t-entry-visual-overlay\"><div class=\"t-entry-visual-overlay-in style-dark-bg\" style=\"opacity: 0.5;\"><\/div><\/div><img decoding=\"async\" class=\"wp-image-7689\" src=\"https:\/\/levifitze.ch\/wp-content\/uploads\/2023\/03\/Landschaft-1.jpg\" width=\"2000\" height=\"1125\" alt=\"\" srcset=\"https:\/\/levifitze.ch\/wp-content\/uploads\/2023\/03\/Landschaft-1.jpg 2000w, https:\/\/levifitze.ch\/wp-content\/uploads\/2023\/03\/Landschaft-1-600x338.jpg 600w, https:\/\/levifitze.ch\/wp-content\/uploads\/2023\/03\/Landschaft-1-300x169.jpg 300w, https:\/\/levifitze.ch\/wp-content\/uploads\/2023\/03\/Landschaft-1-1024x576.jpg 1024w, https:\/\/levifitze.ch\/wp-content\/uploads\/2023\/03\/Landschaft-1-768x432.jpg 768w, https:\/\/levifitze.ch\/wp-content\/uploads\/2023\/03\/Landschaft-1-1536x864.jpg 1536w, https:\/\/levifitze.ch\/wp-content\/uploads\/2023\/03\/Landschaft-1-350x197.jpg 350w, https:\/\/levifitze.ch\/wp-content\/uploads\/2023\/03\/Landschaft-1-1320x743.jpg 1320w, https:\/\/levifitze.ch\/wp-content\/uploads\/2023\/03\/Landschaft-1-uai-720x405.jpg 720w\" sizes=\"(max-width: 2000px) 100vw, 2000px\" \/><\/a><\/div>\n\t\t\t\t\t<\/div>\n\t\t\t\t<\/div><\/div><\/div>\t\t\t<\/div>\n\t\t\t\t\t<\/div>\n\n\t\n\t\n\t\n<\/div>\n\n<\/div><\/div><\/div><\/div><\/div><script id=\"script-row-unique-0\" data-row=\"script-row-unique-0\" type=\"text\/javascript\" class=\"vc_controls\">UNCODE.initRow(document.getElementById(\"row-unique-0\"));<\/script><\/div><\/div><\/div>\n<\/div>","protected":false},"excerpt":{"rendered":"Vortrag &#8211; Zu Pinguinen,\u00a0Pumas &amp; Co Das im S\u00fcdatlantik liegende Insel-Archipel bietet viele \u00dcberraschungen. So bestehen die Falklandinseln, neben den [...]","protected":false},"author":1,"featured_media":0,"parent":0,"menu_order":0,"comment_status":"closed","ping_status":"closed","template":"","meta":{"footnotes":""},"class_list":["post-6559","page","type-page","status-publish","hentry"],"_links":{"self":[{"href":"https:\/\/levifitze.ch\/english\/wp-json\/wp\/v2\/pages\/6559","targetHints":{"allow":["GET"]}}],"collection":[{"href":"https:\/\/levifitze.ch\/english\/wp-json\/wp\/v2\/pages"}],"about":[{"href":"https:\/\/levifitze.ch\/english\/wp-json\/wp\/v2\/types\/page"}],"author":[{"embeddable":true,"href":"https:\/\/levifitze.ch\/english\/wp-json\/wp\/v2\/users\/1"}],"replies":[{"embeddable":true,"href":"https:\/\/levifitze.ch\/english\/wp-json\/wp\/v2\/comments?post=6559"}],"version-history":[{"count":53,"href":"https:\/\/levifitze.ch\/english\/wp-json\/wp\/v2\/pages\/6559\/revisions"}],"predecessor-version":[{"id":9751,"href":"https:\/\/levifitze.ch\/english\/wp-json\/wp\/v2\/pages\/6559\/revisions\/9751"}],"wp:attachment":[{"href":"https:\/\/levifitze.ch\/english\/wp-json\/wp\/v2\/media?parent=6559"}],"curies":[{"name":"wp","href":"https:\/\/api.w.org\/{rel}","templated":true}]}}