{"id":7011,"date":"2023-03-12T17:18:00","date_gmt":"2023-03-12T17:18:00","guid":{"rendered":"https:\/\/levifitze.ch\/?page_id=7011"},"modified":"2026-04-01T07:44:01","modified_gmt":"2026-04-01T07:44:01","slug":"startseite","status":"publish","type":"page","link":"https:\/\/levifitze.ch\/english\/","title":{"rendered":"HOME"},"content":{"rendered":"<div class=\"wpb-content-wrapper\"><div data-parent=\"true\" class=\"vc_row has-bg need-focus style-color-wayh-bg row-container with-parallax desktop-hidden tablet-hidden\" id=\"row-unique-0\"><div class=\"row-background background-element\">\n\t\t\t\t\t\t\t\t\t\t\t<div class=\"background-wrapper\">\n\t\t\t\t\t\t\t\t\t\t\t\t<div class=\"background-inner\" style=\"background-image: url(https:\/\/levifitze.ch\/wp-content\/uploads\/2025\/05\/Website4.jpg);background-repeat: no-repeat;background-position: center center;background-size: cover;\"><\/div>\n\t\t\t\t\t\t\t\t\t\t\t\t<div class=\"block-bg-overlay style-color-jevc-bg\" style=\"opacity: 0;\"><\/div>\n\t\t\t\t\t\t\t\t\t\t\t<\/div>\n\t\t\t\t\t\t\t\t\t\t<\/div><div class=\"row exa-top-padding exa-bottom-padding single-h-padding limit-width row-parent\" data-height-ratio=\"full\"><div class=\"wpb_row row-inner\"><div class=\"wpb_column pos-middle pos-center align_center column_parent col-lg-12 half-internal-gutter\"><div class=\"uncol style-spec style-dark\"  ><div class=\"uncoltable\"><div class=\"uncell\" ><div class=\"uncont no-block-padding col-custom-width\" style=\" max-width:900px;\" ><div class=\"vc_custom_heading_wrap\"><div class=\"heading-text el-text zoom-in animate_when_almost_visible\" data-speed=\"1000\"><h1 class=\"font-weight-500\" ><span><\/p><\/span><span><p style=\"text-align: center;\"><span style=\"font-size: 24pt;\">Levi Fitze<\/span><\/p><\/span><span><p style=\"text-align: center;\"><span style=\"font-size: 10pt;\">Naturfotografie &amp; Film<\/span><\/p><\/span><span><p><\/span><\/h1><\/div><div class=\"clear\"><\/div><\/div><div id=\"gallery-378495\" class=\"un-media-gallery isotope-system isotope-general-light grid-general-light\">\n\t\t\n\t\n\t<div class=\"isotope-wrapper grid-wrapper single-gutter\" >\n\t\t\t\t\t\t\t\t\t<div class=\"isotope-container isotope-layout style-masonry\" data-type=\"masonry\" data-layout=\"masonry\" data-lg=\"1000\" data-md=\"600\" data-sm=\"480\">\n\t\t\t<\/div>\n\t\t\t\t\t<\/div>\n\n\t\n\t\n\t\n<\/div>\n\n<\/div><\/div><\/div><\/div><\/div><script id=\"script-row-unique-0\" data-row=\"script-row-unique-0\" type=\"text\/javascript\" class=\"vc_controls\">UNCODE.initRow(document.getElementById(\"row-unique-0\"));<\/script><\/div><\/div><\/div><div data-parent=\"true\" class=\"vc_row has-bg need-focus style-color-wayh-bg row-container with-parallax mobile-hidden\" id=\"row-unique-1\"><div class=\"row-background background-element\">\n\t\t\t\t\t\t\t\t\t\t\t<div class=\"background-wrapper\">\n\t\t\t\t\t\t\t\t\t\t\t\t<div class=\"background-inner\" style=\"background-image: url(https:\/\/levifitze.ch\/wp-content\/uploads\/2025\/11\/Steinbock-2-scaled.jpg);background-repeat: no-repeat;background-position: center center;background-size: cover;\"><\/div>\n\t\t\t\t\t\t\t\t\t\t\t\t<div class=\"block-bg-overlay style-color-jevc-bg\" style=\"opacity: 0;\"><\/div>\n\t\t\t\t\t\t\t\t\t\t\t<\/div>\n\t\t\t\t\t\t\t\t\t\t<\/div><div class=\"row full-width row-parent\" data-height-ratio=\"full\"><div class=\"wpb_row row-inner\"><div class=\"wpb_column pos-middle pos-center align_center column_parent col-lg-12 half-internal-gutter\"><div class=\"uncol style-spec style-dark\"  ><div class=\"uncoltable\"><div class=\"uncell\" ><div class=\"uncont no-block-padding col-custom-width\" style=\" max-width:900px;\" ><div class=\"vc_custom_heading_wrap\"><div class=\"heading-text el-text zoom-in animate_when_almost_visible\" data-speed=\"1000\"><h1 class=\"font-weight-500\" ><span><\/p><\/span><span><p style=\"text-align: center;\"><span style=\"font-size: 24pt;\">Levi Fitze<\/span><\/p><\/span><span><p style=\"text-align: center;\"><span style=\"font-size: 10pt;\">Naturfotografie &amp; Film<\/span><\/p><\/span><span><p><\/span><\/h1><\/div><div class=\"clear\"><\/div><\/div><\/div><\/div><\/div><\/div><\/div><script id=\"script-row-unique-1\" data-row=\"script-row-unique-1\" type=\"text\/javascript\" class=\"vc_controls\">UNCODE.initRow(document.getElementById(\"row-unique-1\"));<\/script><\/div><\/div><\/div><div data-parent=\"true\" class=\"vc_row has-bg need-focus style-color-lxmt-bg row-container\" id=\"row-unique-2\"><div class=\"row single-top-padding single-bottom-padding triple-h-padding limit-width row-parent\"><div class=\"wpb_row row-inner\"><div class=\"wpb_column pos-middle pos-center align_left column_parent col-lg-6 single-internal-gutter\"><div class=\"uncol style-light\"  ><div class=\"uncoltable\"><div class=\"uncell no-block-padding\" ><div class=\"uncont\" ><div class=\"uncode-single-media  text-left\"><div class=\"single-wrapper\" style=\"max-width: 100%;\"><div class=\"uncode-single-media-wrapper single-advanced\"><div class=\"tmb tmb-light tmb-overlay-text-anim tmb-overlay-anim tmb-overlay-text-left tmb-image-anim  tmb-bordered tmb-media-first tmb-media-last tmb-content-overlay tmb-no-bg\" ><div class=\"t-inside\" ><div class=\"t-entry-visual\"><div class=\"t-entry-visual-tc\"><div class=\"t-entry-visual-cont\"><div class=\"dummy\" style=\"padding-top: 56.3%;\"><\/div><a  class=\"inactive-link pushed\"><div class=\"t-entry-visual-overlay\"><div class=\"t-entry-visual-overlay-in style-dark-bg\" style=\"opacity: 0.5;\"><\/div><\/div><img decoding=\"async\" class=\"wp-image-143455\" src=\"https:\/\/levifitze.ch\/wp-content\/uploads\/2025\/11\/Alpenschneehuhn4-scaled.jpg\" width=\"2560\" height=\"1441\" alt=\"\" srcset=\"https:\/\/levifitze.ch\/wp-content\/uploads\/2025\/11\/Alpenschneehuhn4-scaled.jpg 2560w, https:\/\/levifitze.ch\/wp-content\/uploads\/2025\/11\/Alpenschneehuhn4-300x169.jpg 300w, https:\/\/levifitze.ch\/wp-content\/uploads\/2025\/11\/Alpenschneehuhn4-1024x577.jpg 1024w, https:\/\/levifitze.ch\/wp-content\/uploads\/2025\/11\/Alpenschneehuhn4-768x432.jpg 768w, https:\/\/levifitze.ch\/wp-content\/uploads\/2025\/11\/Alpenschneehuhn4-100x56.jpg 100w, https:\/\/levifitze.ch\/wp-content\/uploads\/2025\/11\/Alpenschneehuhn4-1536x865.jpg 1536w, https:\/\/levifitze.ch\/wp-content\/uploads\/2025\/11\/Alpenschneehuhn4-2048x1153.jpg 2048w, https:\/\/levifitze.ch\/wp-content\/uploads\/2025\/11\/Alpenschneehuhn4-18x10.jpg 18w, https:\/\/levifitze.ch\/wp-content\/uploads\/2025\/11\/Alpenschneehuhn4-350x197.jpg 350w, https:\/\/levifitze.ch\/wp-content\/uploads\/2025\/11\/Alpenschneehuhn4-1320x743.jpg 1320w, https:\/\/levifitze.ch\/wp-content\/uploads\/2025\/11\/Alpenschneehuhn4-600x338.jpg 600w, https:\/\/levifitze.ch\/wp-content\/uploads\/2025\/11\/Alpenschneehuhn4-scaled-uai-720x405.jpg 720w, https:\/\/levifitze.ch\/wp-content\/uploads\/2025\/11\/Alpenschneehuhn4-scaled-uai-900x507.jpg 900w\" sizes=\"(max-width: 2560px) 100vw, 2560px\" \/><\/a><\/div>\n\t\t\t\t\t<\/div>\n\t\t\t\t<\/div><\/div><\/div><\/div><\/div><\/div><\/div><\/div><\/div><\/div><\/div><div class=\"wpb_column pos-middle pos-center align_center column_parent col-lg-6 single-internal-gutter\"><div class=\"uncol style-light\"  ><div class=\"uncoltable\"><div class=\"uncell no-block-padding\" ><div class=\"uncont\" ><div class=\"uncode_text_column\" ><\/p>\n<p style=\"text-align: center;\"><strong><span style=\"color: #000000; font-size: 10pt;\"><span style=\"font-size: 12pt;\">Kinofilmprojekt<\/span> <\/span><\/strong><\/p>\n<p style=\"text-align: center;\"><span style=\"color: #000000; font-size: 10pt;\">Hidden deep in the remotest valleys of the Alps, every spring the...<\/span><\/p>\n<p>\n<\/div><span class=\"btn-container\" ><a role=\"button\"  href=\"https:\/\/levifitze.ch\/english\/die-wilden-huehner\/\" class=\"custom-link btn border-width-0 btn-default btn-icon-left\">Read more<\/a><\/span><\/div><\/div><\/div><\/div><\/div><script id=\"script-row-unique-2\" data-row=\"script-row-unique-2\" type=\"text\/javascript\" class=\"vc_controls\">UNCODE.initRow(document.getElementById(\"row-unique-2\"));<\/script><\/div><\/div><\/div><div data-parent=\"true\" class=\"vc_row has-bg need-focus style-color-gyho-bg row-container\" id=\"row-unique-3\"><div class=\"row one-top-padding one-bottom-padding single-h-padding limit-width row-parent\"><div class=\"wpb_row row-inner\"><div class=\"wpb_column pos-top pos-center align_left column_parent col-lg-12 single-internal-gutter\"><div class=\"uncol style-light\"  ><div class=\"uncoltable\"><div class=\"uncell no-block-padding\" ><div class=\"uncont\" ><div class=\"divider-wrapper\"  >\n    <hr class=\"unseparator separator-no-padding\"  \/>\n<\/div>\n<\/div><\/div><\/div><\/div><\/div><script id=\"script-row-unique-3\" data-row=\"script-row-unique-3\" type=\"text\/javascript\" class=\"vc_controls\">UNCODE.initRow(document.getElementById(\"row-unique-3\"));<\/script><\/div><\/div><\/div><div data-parent=\"true\" class=\"vc_row has-bg need-focus style-color-lxmt-bg row-container\" id=\"row-unique-4\"><div class=\"row single-top-padding single-bottom-padding triple-h-padding limit-width row-parent\"><div class=\"wpb_row row-inner\"><div class=\"wpb_column pos-middle pos-center align_left column_parent col-lg-6 single-internal-gutter\"><div class=\"uncol style-light\"  ><div class=\"uncoltable\"><div class=\"uncell no-block-padding\" ><div class=\"uncont\" ><div class=\"uncode-single-media  text-left\"><div class=\"single-wrapper\" style=\"max-width: 100%;\"><div class=\"uncode-single-media-wrapper single-advanced\"><div class=\"tmb tmb-light tmb-overlay-text-anim tmb-overlay-anim tmb-overlay-text-left tmb-image-anim  tmb-bordered tmb-media-first tmb-media-last tmb-content-overlay tmb-no-bg\" ><div class=\"t-inside\" ><div class=\"t-entry-visual\"><div class=\"t-entry-visual-tc\"><div class=\"t-entry-visual-cont\"><div class=\"dummy\" style=\"padding-top: 66.7%;\"><\/div><a  class=\"inactive-link pushed\"><div class=\"t-entry-visual-overlay\"><div class=\"t-entry-visual-overlay-in style-dark-bg\" style=\"opacity: 0.5;\"><\/div><\/div><img decoding=\"async\" class=\"wp-image-143594\" src=\"https:\/\/levifitze.ch\/wp-content\/uploads\/2025\/11\/DSC06248-Kopie-scaled.jpg\" width=\"2560\" height=\"1707\" alt=\"\" srcset=\"https:\/\/levifitze.ch\/wp-content\/uploads\/2025\/11\/DSC06248-Kopie-scaled.jpg 2560w, https:\/\/levifitze.ch\/wp-content\/uploads\/2025\/11\/DSC06248-Kopie-300x200.jpg 300w, https:\/\/levifitze.ch\/wp-content\/uploads\/2025\/11\/DSC06248-Kopie-1024x683.jpg 1024w, https:\/\/levifitze.ch\/wp-content\/uploads\/2025\/11\/DSC06248-Kopie-768x512.jpg 768w, https:\/\/levifitze.ch\/wp-content\/uploads\/2025\/11\/DSC06248-Kopie-100x67.jpg 100w, https:\/\/levifitze.ch\/wp-content\/uploads\/2025\/11\/DSC06248-Kopie-1536x1024.jpg 1536w, https:\/\/levifitze.ch\/wp-content\/uploads\/2025\/11\/DSC06248-Kopie-2048x1365.jpg 2048w, https:\/\/levifitze.ch\/wp-content\/uploads\/2025\/11\/DSC06248-Kopie-18x12.jpg 18w, https:\/\/levifitze.ch\/wp-content\/uploads\/2025\/11\/DSC06248-Kopie-350x233.jpg 350w, https:\/\/levifitze.ch\/wp-content\/uploads\/2025\/11\/DSC06248-Kopie-1320x880.jpg 1320w, https:\/\/levifitze.ch\/wp-content\/uploads\/2025\/11\/DSC06248-Kopie-600x400.jpg 600w, https:\/\/levifitze.ch\/wp-content\/uploads\/2025\/11\/DSC06248-Kopie-scaled-uai-720x480.jpg 720w, https:\/\/levifitze.ch\/wp-content\/uploads\/2025\/11\/DSC06248-Kopie-scaled-uai-900x600.jpg 900w\" sizes=\"(max-width: 2560px) 100vw, 2560px\" \/><\/a><\/div>\n\t\t\t\t\t<\/div>\n\t\t\t\t<\/div><\/div><\/div><\/div><\/div><\/div><\/div><\/div><\/div><\/div><\/div><div class=\"wpb_column pos-middle pos-center align_center column_parent col-lg-6 single-internal-gutter\"><div class=\"uncol style-light\"  ><div class=\"uncoltable\"><div class=\"uncell no-block-padding\" ><div class=\"uncont\" ><div class=\"uncode_text_column\" ><\/p>\n<p style=\"text-align: center;\"><strong><span style=\"color: #000000; font-size: 10pt;\"><span style=\"font-size: 12pt;\">Neue Fine-Art Prints<\/span><\/span><\/strong><\/p>\n<p style=\"text-align: center;\"><span style=\"color: #000000; font-size: 10pt;\">Neu gibt es eine Auswahl an Fine-Art Prints, welche in unterschiedlichen Gr\u00f6ssen erh\u00e4ltlich sind. Die Bilder werden im St. Galler Fachgesch\u00e4ft Foto Lautenschlager gedruckt und gerahmt. Die Bilder sind signiert und mit einem Zertifikat ausgestattet.\u00a0<\/span><\/p>\n<p>\n<\/div><span class=\"btn-container\" ><a role=\"button\"  href=\"https:\/\/levifitze.ch\/english\/shop\/\" class=\"custom-link btn border-width-0 btn-default btn-icon-left\">Information<\/a><\/span><\/div><\/div><\/div><\/div><\/div><script id=\"script-row-unique-4\" data-row=\"script-row-unique-4\" type=\"text\/javascript\" class=\"vc_controls\">UNCODE.initRow(document.getElementById(\"row-unique-4\"));<\/script><\/div><\/div><\/div><div data-parent=\"true\" class=\"vc_row has-bg need-focus style-color-gyho-bg row-container\" id=\"row-unique-5\"><div class=\"row one-top-padding one-bottom-padding single-h-padding limit-width row-parent\"><div class=\"wpb_row row-inner\"><div class=\"wpb_column pos-top pos-center align_left column_parent col-lg-12 single-internal-gutter\"><div class=\"uncol style-light\"  ><div class=\"uncoltable\"><div class=\"uncell no-block-padding\" ><div class=\"uncont\" ><div class=\"divider-wrapper\"  >\n    <hr class=\"unseparator separator-no-padding\"  \/>\n<\/div>\n<\/div><\/div><\/div><\/div><\/div><script id=\"script-row-unique-5\" data-row=\"script-row-unique-5\" type=\"text\/javascript\" class=\"vc_controls\">UNCODE.initRow(document.getElementById(\"row-unique-5\"));<\/script><\/div><\/div><\/div><div data-parent=\"true\" class=\"vc_row has-bg need-focus style-color-lxmt-bg row-container\" id=\"row-unique-6\"><div class=\"row single-top-padding single-bottom-padding triple-h-padding limit-width row-parent\"><div class=\"wpb_row row-inner\"><div class=\"wpb_column pos-middle pos-center align_left column_parent col-lg-6 single-internal-gutter\"><div class=\"uncol style-light\"  ><div class=\"uncoltable\"><div class=\"uncell no-block-padding\" ><div class=\"uncont\" ><div class=\"uncode-single-media  text-left\"><div class=\"single-wrapper\" style=\"max-width: 100%;\"><div class=\"uncode-single-media-wrapper single-advanced\"><div class=\"tmb tmb-light tmb-overlay-text-anim tmb-overlay-anim tmb-overlay-text-left tmb-image-anim  tmb-bordered tmb-media-first tmb-media-last tmb-content-overlay tmb-no-bg\" ><div class=\"t-inside\" ><div class=\"t-entry-visual\"><div class=\"t-entry-visual-tc\"><div class=\"t-entry-visual-cont\"><div class=\"dummy\" style=\"padding-top: 62.5%;\"><\/div><a href=\"https:\/\/levifitze.ch\/english\/galerien\/\"  class=\"pushed\"><div class=\"t-entry-visual-overlay\"><div class=\"t-entry-visual-overlay-in style-dark-bg\" style=\"opacity: 0.5;\"><\/div><\/div><img decoding=\"async\" class=\"wp-image-143168\" src=\"https:\/\/levifitze.ch\/wp-content\/uploads\/2025\/08\/DSC02438-Kopie-scaled.jpg\" width=\"2560\" height=\"1600\" alt=\"\" srcset=\"https:\/\/levifitze.ch\/wp-content\/uploads\/2025\/08\/DSC02438-Kopie-scaled.jpg 2560w, https:\/\/levifitze.ch\/wp-content\/uploads\/2025\/08\/DSC02438-Kopie-300x187.jpg 300w, https:\/\/levifitze.ch\/wp-content\/uploads\/2025\/08\/DSC02438-Kopie-1024x640.jpg 1024w, https:\/\/levifitze.ch\/wp-content\/uploads\/2025\/08\/DSC02438-Kopie-768x480.jpg 768w, https:\/\/levifitze.ch\/wp-content\/uploads\/2025\/08\/DSC02438-Kopie-100x62.jpg 100w, https:\/\/levifitze.ch\/wp-content\/uploads\/2025\/08\/DSC02438-Kopie-1536x960.jpg 1536w, https:\/\/levifitze.ch\/wp-content\/uploads\/2025\/08\/DSC02438-Kopie-2048x1280.jpg 2048w, https:\/\/levifitze.ch\/wp-content\/uploads\/2025\/08\/DSC02438-Kopie-18x12.jpg 18w, https:\/\/levifitze.ch\/wp-content\/uploads\/2025\/08\/DSC02438-Kopie-350x219.jpg 350w, https:\/\/levifitze.ch\/wp-content\/uploads\/2025\/08\/DSC02438-Kopie-1320x825.jpg 1320w, https:\/\/levifitze.ch\/wp-content\/uploads\/2025\/08\/DSC02438-Kopie-600x375.jpg 600w, https:\/\/levifitze.ch\/wp-content\/uploads\/2025\/08\/DSC02438-Kopie-scaled-uai-720x450.jpg 720w, https:\/\/levifitze.ch\/wp-content\/uploads\/2025\/08\/DSC02438-Kopie-scaled-uai-900x563.jpg 900w\" sizes=\"(max-width: 2560px) 100vw, 2560px\" \/><\/a><\/div>\n\t\t\t\t\t<\/div>\n\t\t\t\t<\/div><\/div><\/div><\/div><\/div><\/div><\/div><\/div><\/div><\/div><\/div><div class=\"wpb_column pos-middle pos-center align_center column_parent col-lg-6 single-internal-gutter\"><div class=\"uncol style-light\"  ><div class=\"uncoltable\"><div class=\"uncell no-block-padding\" ><div class=\"uncont\" ><div class=\"uncode_text_column\" ><\/p>\n<p style=\"text-align: center;\"><strong><span style=\"color: #000000; font-size: 10pt;\"><span style=\"font-size: 12pt;\">Galleries<\/span><\/span><\/strong><\/p>\n<p style=\"text-align: center;\"><span style=\"color: #000000; font-size: 10pt;\">Browse through various galleries of past photo projects.<\/span><\/p>\n<p>\n<\/div><span class=\"btn-container\" ><a role=\"button\"  href=\"https:\/\/levifitze.ch\/english\/galerien\/\" class=\"custom-link btn border-width-0 btn-default btn-icon-left\">Watch<\/a><\/span><\/div><\/div><\/div><\/div><\/div><script id=\"script-row-unique-6\" data-row=\"script-row-unique-6\" type=\"text\/javascript\" class=\"vc_controls\">UNCODE.initRow(document.getElementById(\"row-unique-6\"));<\/script><\/div><\/div><\/div><div data-parent=\"true\" class=\"vc_row has-bg need-focus style-color-nhtu-bg row-container\" id=\"row-unique-7\"><div class=\"row one-top-padding double-bottom-padding single-h-padding limit-width row-parent\" data-height-ratio=\"3\"><div class=\"wpb_row row-inner\"><div class=\"wpb_column pos-top pos-center align_left column_parent col-lg-12 single-internal-gutter\"><div class=\"uncol style-light\"  ><div class=\"uncoltable\"><div class=\"uncell no-block-padding\" ><div class=\"uncont\" ><div class=\"divider-wrapper\"  >\n    <hr class=\"unseparator separator-no-padding\"  \/>\n<\/div>\n<\/div><\/div><\/div><\/div><\/div><script id=\"script-row-unique-7\" data-row=\"script-row-unique-7\" type=\"text\/javascript\" class=\"vc_controls\">UNCODE.initRow(document.getElementById(\"row-unique-7\"));<\/script><\/div><\/div><\/div>\n<\/div>","protected":false},"excerpt":{"rendered":"Levi FitzeNaturfotografie &amp; Film Levi FitzeNaturfotografie &amp; Film Kinofilmprojekt Tief verborgen in den abgelegensten T\u00e4lern der Alpen spielt sich jeden [...]","protected":false},"author":1,"featured_media":0,"parent":0,"menu_order":0,"comment_status":"closed","ping_status":"closed","template":"","meta":{"footnotes":""},"class_list":["post-7011","page","type-page","status-publish","hentry"],"_links":{"self":[{"href":"https:\/\/levifitze.ch\/english\/wp-json\/wp\/v2\/pages\/7011","targetHints":{"allow":["GET"]}}],"collection":[{"href":"https:\/\/levifitze.ch\/english\/wp-json\/wp\/v2\/pages"}],"about":[{"href":"https:\/\/levifitze.ch\/english\/wp-json\/wp\/v2\/types\/page"}],"author":[{"embeddable":true,"href":"https:\/\/levifitze.ch\/english\/wp-json\/wp\/v2\/users\/1"}],"replies":[{"embeddable":true,"href":"https:\/\/levifitze.ch\/english\/wp-json\/wp\/v2\/comments?post=7011"}],"version-history":[{"count":331,"href":"https:\/\/levifitze.ch\/english\/wp-json\/wp\/v2\/pages\/7011\/revisions"}],"predecessor-version":[{"id":143906,"href":"https:\/\/levifitze.ch\/english\/wp-json\/wp\/v2\/pages\/7011\/revisions\/143906"}],"wp:attachment":[{"href":"https:\/\/levifitze.ch\/english\/wp-json\/wp\/v2\/media?parent=7011"}],"curies":[{"name":"wp","href":"https:\/\/api.w.org\/{rel}","templated":true}]}}