{"id":8549,"date":"2023-05-15T12:32:40","date_gmt":"2023-05-15T12:32:40","guid":{"rendered":"https:\/\/levifitze.ch\/?page_id=8549"},"modified":"2023-10-13T13:08:36","modified_gmt":"2023-10-13T13:08:36","slug":"unterhaltungsvortrag","status":"publish","type":"page","link":"https:\/\/levifitze.ch\/english\/unterhaltungsvortrag","title":{"rendered":"Entertainment talk"},"content":{"rendered":"<div class=\"wpb-content-wrapper\"><div data-parent=\"true\" class=\"vc_row row-container\" id=\"row-unique-0\"><div class=\"row-background background-element\">\n\t\t\t\t\t\t\t\t\t\t\t<div class=\"background-wrapper\">\n\t\t\t\t\t\t\t\t\t\t\t\t<div class=\"background-inner\" style=\"background-image: url(https:\/\/levifitze.ch\/wp-content\/uploads\/2023\/05\/IMG_1310.jpeg);background-repeat: no-repeat;background-position: center center;background-attachment: scroll;background-size: cover;\"><\/div>\n\t\t\t\t\t\t\t\t\t\t\t\t<div class=\"block-bg-overlay style-color-jevc-bg\" style=\"opacity: 0.5;\"><\/div>\n\t\t\t\t\t\t\t\t\t\t\t<\/div>\n\t\t\t\t\t\t\t\t\t\t<\/div><div class=\"row limit-width row-parent\" data-height-ratio=\"50\"><div class=\"wpb_row row-inner\"><div class=\"wpb_column pos-middle pos-center align_center column_parent col-lg-12 single-internal-gutter\"><div class=\"uncol style-light\"  ><div class=\"uncoltable\"><div class=\"uncell no-block-padding\" ><div class=\"uncont\" ><div class=\"vc_row row-internal row-container\"><div class=\"row row-child\"><div class=\"wpb_row row-inner\"><div class=\"wpb_column pos-middle pos-center align_center column_child col-lg-12 single-internal-gutter\"><div class=\"uncol style-light\" ><div class=\"uncoltable\"><div class=\"uncell no-block-padding\" ><div class=\"uncont\" ><div class=\"uncode_text_column\" ><\/p>\n<p style=\"text-align: center;\"><span style=\"font-size: 18pt; color: #ffffff;\">Entertainment lectures<\/span><\/p>\n<p>\n<\/div><div class=\"icon-box icon-box-top\" ><div class=\"icon-box-icon fa-container\" style=\"margin-bottom: 0px;\"><span class=\"text-color-xsdn-color btn-disable-hover\"><i class=\"fa fa-chevron-down fa-2x fa-fw\"><\/i><\/span><\/div><\/div><\/div><\/div><\/div><\/div><\/div><\/div><\/div><\/div><\/div><\/div><\/div><\/div><\/div><script id=\"script-row-unique-0\" data-row=\"script-row-unique-0\" type=\"text\/javascript\" class=\"vc_controls\">UNCODE.initRow(document.getElementById(\"row-unique-0\"));<\/script><\/div><\/div><\/div><div data-parent=\"true\" class=\"vc_row row-container\" id=\"row-unique-1\"><div class=\"row limit-width row-parent\"><div class=\"wpb_row row-inner\"><div class=\"wpb_column pos-top pos-center align_left column_parent col-lg-12 single-internal-gutter\"><div class=\"uncol style-light\"  ><div class=\"uncoltable\"><div class=\"uncell no-block-padding\" ><div class=\"uncont\" ><div class=\"uncode_text_column\" ><\/p>\n<p style=\"text-align: center;\"><span style=\"color: #000000;\">The ideal program item for every annual program. Exciting photo lectures with amusing anecdotes about a wide variety of photo projects that I have realized in recent years. The following three lectures are available to choose from. While the lectures on South America &amp; Norway are structured as travelogues, in the lecture on the Swiss mountain wilderness I talk about various long-term projects built up over the course of the seasons.\u00a0<\/span><\/p>\n<p>\n<\/div><\/div><\/div><\/div><\/div><\/div><script id=\"script-row-unique-1\" data-row=\"script-row-unique-1\" type=\"text\/javascript\" class=\"vc_controls\">UNCODE.initRow(document.getElementById(\"row-unique-1\"));<\/script><\/div><\/div><\/div><div data-parent=\"true\" class=\"vc_row row-container\" id=\"row-unique-2\"><div class=\"row one-top-padding single-bottom-padding single-h-padding limit-width row-parent\"><div class=\"wpb_row row-inner\"><div class=\"wpb_column pos-top pos-center align_center column_parent col-lg-4 single-internal-gutter\"><div class=\"uncol style-light\"  ><div class=\"uncoltable\"><div class=\"uncell no-block-padding\" ><div class=\"uncont\" ><div class=\"uncode-single-media  text-left\"><div class=\"single-wrapper\" style=\"max-width: 100%;\"><div class=\"tmb tmb-light  tmb-media-first tmb-media-last tmb-content-overlay tmb-no-bg\"><div class=\"t-inside\"><div class=\"t-entry-visual\"><div class=\"t-entry-visual-tc\"><div class=\"uncode-single-media-wrapper\"><img decoding=\"async\" class=\"wp-image-9568\" src=\"https:\/\/levifitze.ch\/wp-content\/uploads\/2023\/10\/Schneesperling_5.jpg\" width=\"2560\" height=\"1440\" alt=\"\" srcset=\"https:\/\/levifitze.ch\/wp-content\/uploads\/2023\/10\/Schneesperling_5.jpg 2560w, https:\/\/levifitze.ch\/wp-content\/uploads\/2023\/10\/Schneesperling_5-600x338.jpg 600w, https:\/\/levifitze.ch\/wp-content\/uploads\/2023\/10\/Schneesperling_5-300x169.jpg 300w, https:\/\/levifitze.ch\/wp-content\/uploads\/2023\/10\/Schneesperling_5-1024x576.jpg 1024w, https:\/\/levifitze.ch\/wp-content\/uploads\/2023\/10\/Schneesperling_5-768x432.jpg 768w, https:\/\/levifitze.ch\/wp-content\/uploads\/2023\/10\/Schneesperling_5-1536x864.jpg 1536w, https:\/\/levifitze.ch\/wp-content\/uploads\/2023\/10\/Schneesperling_5-2048x1152.jpg 2048w, https:\/\/levifitze.ch\/wp-content\/uploads\/2023\/10\/Schneesperling_5-350x197.jpg 350w, https:\/\/levifitze.ch\/wp-content\/uploads\/2023\/10\/Schneesperling_5-1320x743.jpg 1320w, https:\/\/levifitze.ch\/wp-content\/uploads\/2023\/10\/Schneesperling_5-uai-720x405.jpg 720w\" sizes=\"(max-width: 2560px) 100vw, 2560px\" \/><\/div>\n\t\t\t\t\t<\/div>\n\t\t\t\t<\/div><\/div><\/div><\/div><\/div><span class=\"btn-container\" ><a role=\"button\"  href=\"https:\/\/levifitze.ch\/english\/vortrag_bergwildnis\/\" class=\"custom-link btn border-width-0 btn-default btn-icon-left\">Schweizer Bergwildnis &#8211; Informationen<\/a><\/span><\/div><\/div><\/div><\/div><\/div><div class=\"wpb_column pos-top pos-center align_center column_parent col-lg-4 single-internal-gutter\"><div class=\"uncol style-light\"  ><div class=\"uncoltable\"><div class=\"uncell no-block-padding\" ><div class=\"uncont\" ><div class=\"uncode-single-media  text-left\"><div class=\"single-wrapper\" style=\"max-width: 100%;\"><div class=\"tmb tmb-light  tmb-media-first tmb-media-last tmb-content-overlay tmb-no-bg\"><div class=\"t-inside\"><div class=\"t-entry-visual\"><div class=\"t-entry-visual-tc\"><div class=\"uncode-single-media-wrapper\"><img decoding=\"async\" class=\"wp-image-9478\" src=\"https:\/\/levifitze.ch\/wp-content\/uploads\/2023\/10\/Falklands_Website_LeviFitze_0001-1.jpg\" width=\"1920\" height=\"1080\" alt=\"\" srcset=\"https:\/\/levifitze.ch\/wp-content\/uploads\/2023\/10\/Falklands_Website_LeviFitze_0001-1.jpg 1920w, https:\/\/levifitze.ch\/wp-content\/uploads\/2023\/10\/Falklands_Website_LeviFitze_0001-1-600x338.jpg 600w, https:\/\/levifitze.ch\/wp-content\/uploads\/2023\/10\/Falklands_Website_LeviFitze_0001-1-300x169.jpg 300w, https:\/\/levifitze.ch\/wp-content\/uploads\/2023\/10\/Falklands_Website_LeviFitze_0001-1-1024x576.jpg 1024w, https:\/\/levifitze.ch\/wp-content\/uploads\/2023\/10\/Falklands_Website_LeviFitze_0001-1-768x432.jpg 768w, https:\/\/levifitze.ch\/wp-content\/uploads\/2023\/10\/Falklands_Website_LeviFitze_0001-1-1536x864.jpg 1536w, https:\/\/levifitze.ch\/wp-content\/uploads\/2023\/10\/Falklands_Website_LeviFitze_0001-1-350x197.jpg 350w, https:\/\/levifitze.ch\/wp-content\/uploads\/2023\/10\/Falklands_Website_LeviFitze_0001-1-1320x743.jpg 1320w, https:\/\/levifitze.ch\/wp-content\/uploads\/2023\/10\/Falklands_Website_LeviFitze_0001-1-uai-720x405.jpg 720w\" sizes=\"(max-width: 1920px) 100vw, 1920px\" \/><\/div>\n\t\t\t\t\t<\/div>\n\t\t\t\t<\/div><\/div><\/div><\/div><\/div><span class=\"btn-container\" ><a role=\"button\"  href=\"https:\/\/levifitze.ch\/english\/vortrag_sudamerika\/\" class=\"custom-link btn border-width-0 btn-default btn-icon-left\">Zu Pinguinen, Pumas &amp; Co. &#8211; Informationen<\/a><\/span><\/div><\/div><\/div><\/div><\/div><div class=\"wpb_column pos-top pos-center align_center column_parent col-lg-4 single-internal-gutter\"><div class=\"uncol style-light\"  ><div class=\"uncoltable\"><div class=\"uncell no-block-padding\" ><div class=\"uncont\" ><div class=\"uncode-single-media  text-left\"><div class=\"single-wrapper\" style=\"max-width: 100%;\"><div class=\"tmb tmb-light  tmb-media-first tmb-media-last tmb-content-overlay tmb-no-bg\"><div class=\"t-inside\"><div class=\"t-entry-visual\"><div class=\"t-entry-visual-tc\"><div class=\"uncode-single-media-wrapper\"><img decoding=\"async\" class=\"wp-image-6641\" src=\"https:\/\/levifitze.ch\/wp-content\/uploads\/2023\/02\/Sperbereule5_small.jpg\" width=\"2000\" height=\"1125\" alt=\"\" srcset=\"https:\/\/levifitze.ch\/wp-content\/uploads\/2023\/02\/Sperbereule5_small.jpg 2000w, https:\/\/levifitze.ch\/wp-content\/uploads\/2023\/02\/Sperbereule5_small-600x338.jpg 600w, https:\/\/levifitze.ch\/wp-content\/uploads\/2023\/02\/Sperbereule5_small-300x169.jpg 300w, https:\/\/levifitze.ch\/wp-content\/uploads\/2023\/02\/Sperbereule5_small-1024x576.jpg 1024w, https:\/\/levifitze.ch\/wp-content\/uploads\/2023\/02\/Sperbereule5_small-768x432.jpg 768w, https:\/\/levifitze.ch\/wp-content\/uploads\/2023\/02\/Sperbereule5_small-1536x864.jpg 1536w, https:\/\/levifitze.ch\/wp-content\/uploads\/2023\/02\/Sperbereule5_small-920x518.jpg 920w, https:\/\/levifitze.ch\/wp-content\/uploads\/2023\/02\/Sperbereule5_small-230x129.jpg 230w, https:\/\/levifitze.ch\/wp-content\/uploads\/2023\/02\/Sperbereule5_small-350x197.jpg 350w, https:\/\/levifitze.ch\/wp-content\/uploads\/2023\/02\/Sperbereule5_small-480x270.jpg 480w, https:\/\/levifitze.ch\/wp-content\/uploads\/2023\/02\/Sperbereule5_small-uai-720x405.jpg 720w\" sizes=\"(max-width: 2000px) 100vw, 2000px\" \/><\/div>\n\t\t\t\t\t<\/div>\n\t\t\t\t<\/div><\/div><\/div><\/div><\/div><span class=\"btn-container\" ><a role=\"button\"  href=\"https:\/\/levifitze.ch\/english\/vortrag_norwegen\/\" class=\"custom-link btn border-width-0 btn-default btn-icon-left\">Schlaflos durch Norwegen &#8211; Informationen<\/a><\/span><\/div><\/div><\/div><\/div><\/div><script id=\"script-row-unique-2\" data-row=\"script-row-unique-2\" type=\"text\/javascript\" class=\"vc_controls\">UNCODE.initRow(document.getElementById(\"row-unique-2\"));<\/script><\/div><\/div><\/div><div data-parent=\"true\" class=\"vc_row has-bg need-focus style-color-nhtu-bg row-container\" id=\"row-unique-3\"><div class=\"row single-top-padding single-bottom-padding single-h-padding full-width row-parent\" data-height-ratio=\"20\"><div class=\"wpb_row row-inner\"><div class=\"wpb_column pos-top pos-center align_center column_parent col-lg-12 single-internal-gutter\"><div class=\"uncol style-light\"  ><div class=\"uncoltable\"><div class=\"uncell\" ><div class=\"uncont no-block-padding col-custom-width\" style=\" max-width:900px;\" ><div class=\"uncode_text_column\" ><\/p>\n<p style=\"text-align: center;\"><span style=\"color: #ffffff;\">I look forward to your non-binding inquiry!<\/span><\/p>\n<p style=\"text-align: center;\"><span style=\"color: #ffffff; font-size: 14pt;\">Contact<\/span><\/p>\n<p style=\"text-align: center;\"><span style=\"color: #ffffff;\"><a style=\"color: #ffffff;\" href=\"mailto:info@levifitze.ch\">info@levifitze.ch<\/a> \/ +41 76 371 74 75<\/span><\/p>\n<p>\n<\/div><\/div><\/div><\/div><\/div><\/div><script id=\"script-row-unique-3\" data-row=\"script-row-unique-3\" type=\"text\/javascript\" class=\"vc_controls\">UNCODE.initRow(document.getElementById(\"row-unique-3\"));<\/script><\/div><\/div><\/div>\n<\/div>","protected":false},"excerpt":{"rendered":"Unterhaltungsvortr\u00e4ge Der ideale Programmpunkt f\u00fcr jedes Jahresprogramm. Packende Bildvortr\u00e4ge mit lustigen Anekdoten \u00fcber unterschiedlichste Fotoprojekte, welche ich in den vergangenen [...]","protected":false},"author":1,"featured_media":0,"parent":0,"menu_order":0,"comment_status":"closed","ping_status":"closed","template":"","meta":{"footnotes":""},"class_list":["post-8549","page","type-page","status-publish","hentry"],"_links":{"self":[{"href":"https:\/\/levifitze.ch\/english\/wp-json\/wp\/v2\/pages\/8549","targetHints":{"allow":["GET"]}}],"collection":[{"href":"https:\/\/levifitze.ch\/english\/wp-json\/wp\/v2\/pages"}],"about":[{"href":"https:\/\/levifitze.ch\/english\/wp-json\/wp\/v2\/types\/page"}],"author":[{"embeddable":true,"href":"https:\/\/levifitze.ch\/english\/wp-json\/wp\/v2\/users\/1"}],"replies":[{"embeddable":true,"href":"https:\/\/levifitze.ch\/english\/wp-json\/wp\/v2\/comments?post=8549"}],"version-history":[{"count":9,"href":"https:\/\/levifitze.ch\/english\/wp-json\/wp\/v2\/pages\/8549\/revisions"}],"predecessor-version":[{"id":9749,"href":"https:\/\/levifitze.ch\/english\/wp-json\/wp\/v2\/pages\/8549\/revisions\/9749"}],"wp:attachment":[{"href":"https:\/\/levifitze.ch\/english\/wp-json\/wp\/v2\/media?parent=8549"}],"curies":[{"name":"wp","href":"https:\/\/api.w.org\/{rel}","templated":true}]}}