{"id":9641,"date":"2023-10-12T18:41:48","date_gmt":"2023-10-12T18:41:48","guid":{"rendered":"https:\/\/levifitze.ch\/?page_id=9641"},"modified":"2024-01-12T13:38:55","modified_gmt":"2024-01-12T13:38:55","slug":"kalender-2024","status":"publish","type":"page","link":"https:\/\/levifitze.ch\/english\/kalender-2024","title":{"rendered":"CALENDAR 2024"},"content":{"rendered":"<div class=\"wpb-content-wrapper\"><div data-parent=\"true\" class=\"vc_row row-container\" id=\"row-unique-0\"><div class=\"row-background background-element\">\n\t\t\t\t\t\t\t\t\t\t\t<div class=\"background-wrapper\">\n\t\t\t\t\t\t\t\t\t\t\t\t<div class=\"background-inner\" style=\"background-image: url(https:\/\/levifitze.ch\/wp-content\/uploads\/2023\/10\/BTS-2-scaled.jpg);background-repeat: no-repeat;background-position: center center;background-attachment: scroll;background-size: cover;\"><\/div>\n\t\t\t\t\t\t\t\t\t\t\t\t\n\t\t\t\t\t\t\t\t\t\t\t<\/div>\n\t\t\t\t\t\t\t\t\t\t<\/div><div class=\"row single-top-padding single-bottom-padding single-h-padding limit-width row-parent\" data-height-ratio=\"60\"><div class=\"wpb_row row-inner\"><div class=\"wpb_column pos-middle pos-center align_center column_parent col-lg-12 single-internal-gutter\"><div class=\"uncol style-light\"  ><div class=\"uncoltable\"><div class=\"uncell no-block-padding\" ><div class=\"uncont\" ><div class=\"empty-space empty-single\" ><span class=\"empty-space-inner\"><\/span><\/div>\n<div class=\"uncode_text_column\" ><\/p>\n<p style=\"text-align: center;\"><span style=\"font-size: 24pt; color: #000000;\">Calendar 2024<\/span><\/p>\n<p>\n<\/div><div class=\"empty-space empty-triple\" ><span class=\"empty-space-inner\"><\/span><\/div>\n<\/div><\/div><\/div><\/div><\/div><script id=\"script-row-unique-0\" data-row=\"script-row-unique-0\" type=\"text\/javascript\" class=\"vc_controls\">UNCODE.initRow(document.getElementById(\"row-unique-0\"));<\/script><\/div><\/div><\/div><div data-parent=\"true\" class=\"vc_row has-bg need-focus style-color-nhtu-bg row-container\" id=\"row-unique-1\"><div class=\"row limit-width row-parent\"><div class=\"wpb_row row-inner\"><div class=\"wpb_column pos-middle pos-center align_center column_parent col-lg-4 single-internal-gutter\"><div class=\"uncol style-light\"  ><div class=\"uncoltable\"><div class=\"uncell no-block-padding\" ><div class=\"uncont\" ><div class=\"uncode-single-media  text-center\"><div class=\"single-wrapper\" style=\"max-width: 80%;\"><div class=\"tmb tmb-light  tmb-media-first tmb-media-last tmb-content-overlay tmb-no-bg\"><div class=\"t-inside\"><div class=\"t-entry-visual\"><div class=\"t-entry-visual-tc\"><div class=\"uncode-single-media-wrapper\"><img decoding=\"async\" class=\"wp-image-9925\" src=\"https:\/\/levifitze.ch\/wp-content\/uploads\/2023\/11\/Newsletter.jpg\" width=\"1920\" height=\"1280\" alt=\"\" srcset=\"https:\/\/levifitze.ch\/wp-content\/uploads\/2023\/11\/Newsletter.jpg 1920w, https:\/\/levifitze.ch\/wp-content\/uploads\/2023\/11\/Newsletter-600x400.jpg 600w, https:\/\/levifitze.ch\/wp-content\/uploads\/2023\/11\/Newsletter-300x200.jpg 300w, https:\/\/levifitze.ch\/wp-content\/uploads\/2023\/11\/Newsletter-1024x683.jpg 1024w, https:\/\/levifitze.ch\/wp-content\/uploads\/2023\/11\/Newsletter-768x512.jpg 768w, https:\/\/levifitze.ch\/wp-content\/uploads\/2023\/11\/Newsletter-1536x1024.jpg 1536w, https:\/\/levifitze.ch\/wp-content\/uploads\/2023\/11\/Newsletter-350x233.jpg 350w, https:\/\/levifitze.ch\/wp-content\/uploads\/2023\/11\/Newsletter-1320x880.jpg 1320w, https:\/\/levifitze.ch\/wp-content\/uploads\/2023\/11\/Newsletter-uai-720x480.jpg 720w\" sizes=\"(max-width: 1920px) 100vw, 1920px\" \/><\/div>\n\t\t\t\t\t<\/div>\n\t\t\t\t<\/div><\/div><\/div><\/div><\/div><\/div><\/div><\/div><\/div><\/div><div class=\"wpb_column pos-middle pos-center align_left column_parent col-lg-4 single-internal-gutter\"><div class=\"uncol style-light\"  ><div class=\"uncoltable\"><div class=\"uncell no-block-padding\" ><div class=\"uncont\" ><div class=\"uncode_text_column\" ><\/p>\n<p style=\"text-align: center;\"><span style=\"color: #ffffff;\">R\u00fcckblatt mit Infos zu den Bildern\u00a0<\/span><\/p>\n<p style=\"text-align: center;\"><span style=\"color: #ffffff;\">Querformat 45x30cm\u00a0<\/span><\/p>\n<p style=\"text-align: center;\"><span style=\"color: #ffffff;\">Gedruckt in Schweizer Fachgesch\u00e4ft (FSC)<\/span><\/p>\n<p style=\"text-align: center;\"><strong><span style=\"color: #ffffff;\">Ausverkauf 28.00 CHF (statt 38.00 CHF)<\/span><\/strong><\/p>\n<p>\n<\/div><\/div><\/div><\/div><\/div><\/div><div class=\"wpb_column pos-top pos-center align_left column_parent col-lg-4 single-internal-gutter\"><div class=\"uncol style-light\"  ><div class=\"uncoltable\"><div class=\"uncell no-block-padding\" ><div class=\"uncont\" ><div class=\"uncode-single-media  text-center\"><div class=\"single-wrapper\" style=\"max-width: 80%;\"><div class=\"tmb tmb-light  tmb-media-first tmb-media-last tmb-content-overlay tmb-no-bg\"><div class=\"t-inside\"><div class=\"t-entry-visual\"><div class=\"t-entry-visual-tc\"><div class=\"uncode-single-media-wrapper\"><img decoding=\"async\" class=\"wp-image-9926\" src=\"https:\/\/levifitze.ch\/wp-content\/uploads\/2023\/11\/Newsletter1.jpg\" width=\"1920\" height=\"1280\" alt=\"\" srcset=\"https:\/\/levifitze.ch\/wp-content\/uploads\/2023\/11\/Newsletter1.jpg 1920w, https:\/\/levifitze.ch\/wp-content\/uploads\/2023\/11\/Newsletter1-600x400.jpg 600w, https:\/\/levifitze.ch\/wp-content\/uploads\/2023\/11\/Newsletter1-300x200.jpg 300w, https:\/\/levifitze.ch\/wp-content\/uploads\/2023\/11\/Newsletter1-1024x683.jpg 1024w, https:\/\/levifitze.ch\/wp-content\/uploads\/2023\/11\/Newsletter1-768x512.jpg 768w, https:\/\/levifitze.ch\/wp-content\/uploads\/2023\/11\/Newsletter1-1536x1024.jpg 1536w, https:\/\/levifitze.ch\/wp-content\/uploads\/2023\/11\/Newsletter1-350x233.jpg 350w, https:\/\/levifitze.ch\/wp-content\/uploads\/2023\/11\/Newsletter1-1320x880.jpg 1320w, https:\/\/levifitze.ch\/wp-content\/uploads\/2023\/11\/Newsletter1-uai-720x480.jpg 720w\" sizes=\"(max-width: 1920px) 100vw, 1920px\" \/><\/div>\n\t\t\t\t\t<\/div>\n\t\t\t\t<\/div><\/div><\/div><\/div><\/div><\/div><\/div><\/div><\/div><\/div><script id=\"script-row-unique-1\" data-row=\"script-row-unique-1\" type=\"text\/javascript\" class=\"vc_controls\">UNCODE.initRow(document.getElementById(\"row-unique-1\"));<\/script><\/div><\/div><\/div><div data-parent=\"true\" class=\"vc_row has-bg need-focus style-color-nhtu-bg row-container\" id=\"row-unique-2\"><div class=\"row-background background-element\">\n\t\t\t\t\t\t\t\t\t\t\t<div class=\"background-wrapper\">\n\t\t\t\t\t\t\t\t\t\t\t\t<div class=\"background-inner\" style=\"background-image: url(https:\/\/levifitze.ch\/wp-content\/uploads\/2023\/10\/DSC03332-Verbessert-NR-Kopie.jpg);background-repeat: no-repeat;background-position: center center;background-attachment: scroll;background-size: cover;\"><\/div>\n\t\t\t\t\t\t\t\t\t\t\t\t\n\t\t\t\t\t\t\t\t\t\t\t<\/div>\n\t\t\t\t\t\t\t\t\t\t<\/div><div class=\"row limit-width row-parent\" data-height-ratio=\"40\"><div class=\"wpb_row row-inner\"><div class=\"wpb_column pos-top pos-center align_left column_parent col-lg-6 single-internal-gutter\"><div class=\"uncol style-light\"  ><div class=\"uncoltable\"><div class=\"uncell no-block-padding\" ><div class=\"uncont\" ><\/div><\/div><\/div><\/div><\/div><div class=\"wpb_column pos-middle pos-center align_center column_parent col-lg-6 single-internal-gutter\"><div class=\"uncol style-light\"  ><div class=\"uncoltable\"><div class=\"uncell no-block-padding\" ><div class=\"uncont\" ><div class=\"uncode_text_column\" ><\/p>\n<p style=\"text-align: center;\"><span style=\"font-size: 18pt; color: #ffffff;\"><span style=\"caret-color: #ffffff;\">Bergwildnis<\/span><\/span><\/p>\n<p>\n<\/div><div class=\"uncode_text_column\" ><\/p>\n<p style=\"text-align: center;\"><span style=\"color: #ffffff;\">Der Klassiker<\/span><\/p>\n<p>\n<\/div><span class=\"btn-container\" ><a role=\"button\"  href=\"https:\/\/buy.stripe.com\/00g2bw3fy9X8eLS008\" class=\"custom-link btn border-width-0 btn-default btn-icon-left\" target=\"_blank\">Order form<\/a><\/span><\/div><\/div><\/div><\/div><\/div><script id=\"script-row-unique-2\" data-row=\"script-row-unique-2\" type=\"text\/javascript\" class=\"vc_controls\">UNCODE.initRow(document.getElementById(\"row-unique-2\"));<\/script><\/div><\/div><\/div><div data-parent=\"true\" class=\"vc_row has-bg need-focus style-color-nhtu-bg row-container\" id=\"row-unique-3\"><div class=\"row-background background-element\">\n\t\t\t\t\t\t\t\t\t\t\t<div class=\"background-wrapper\">\n\t\t\t\t\t\t\t\t\t\t\t\t<div class=\"background-inner\" style=\"background-image: url(https:\/\/levifitze.ch\/wp-content\/uploads\/2023\/10\/4-Seasons_LeviFitze_Backup_0002.jpg);background-repeat: no-repeat;background-position: center center;background-attachment: scroll;background-size: cover;\"><\/div>\n\t\t\t\t\t\t\t\t\t\t\t\t\n\t\t\t\t\t\t\t\t\t\t\t<\/div>\n\t\t\t\t\t\t\t\t\t\t<\/div><div class=\"row limit-width row-parent\" data-height-ratio=\"40\"><div class=\"wpb_row row-inner\"><div class=\"wpb_column pos-middle pos-center align_center column_parent col-lg-6 single-internal-gutter\"><div class=\"uncol style-light\"  ><div class=\"uncoltable\"><div class=\"uncell no-block-padding\" ><div class=\"uncont\" ><div class=\"uncode_text_column\" ><p><span style=\"font-size: 18pt; color: #000000;\"><span style=\"caret-color: #ffffff;\">Around the world<\/span><\/span><\/p>\n<\/div><div class=\"uncode_text_column\" ><\/p>\n<p style=\"text-align: center;\"><span style=\"color: #000000;\">Limited Edition<\/span><\/p>\n<p>\n<\/div><span class=\"btn-container\" ><a role=\"button\"  href=\"https:\/\/buy.stripe.com\/28o03o4jC1qCfPWcMS\" class=\"custom-link btn border-width-0 btn-default btn-icon-left\" target=\"_blank\">Order form<\/a><\/span><\/div><\/div><\/div><\/div><\/div><div class=\"wpb_column pos-top pos-center align_left column_parent col-lg-6 single-internal-gutter\"><div class=\"uncol style-light\"  ><div class=\"uncoltable\"><div class=\"uncell no-block-padding\" ><div class=\"uncont\" ><\/div><\/div><\/div><\/div><\/div><script id=\"script-row-unique-3\" data-row=\"script-row-unique-3\" type=\"text\/javascript\" class=\"vc_controls\">UNCODE.initRow(document.getElementById(\"row-unique-3\"));<\/script><\/div><\/div><\/div><div data-parent=\"true\" class=\"vc_row has-bg need-focus style-color-nhtu-bg row-container\" id=\"row-unique-4\"><div class=\"row limit-width row-parent\"><div class=\"wpb_row row-inner\"><div class=\"wpb_column pos-middle pos-center align_center column_parent col-lg-4 single-internal-gutter\"><div class=\"uncol style-light\"  ><div class=\"uncoltable\"><div class=\"uncell no-block-padding\" ><div class=\"uncont\" ><div class=\"uncode-single-media  text-center\"><div class=\"single-wrapper\" style=\"max-width: 80%;\"><div class=\"tmb tmb-light  tmb-media-first tmb-media-last tmb-content-overlay tmb-no-bg\"><div class=\"t-inside\"><div class=\"t-entry-visual\"><div class=\"t-entry-visual-tc\"><div class=\"uncode-single-media-wrapper\"><img decoding=\"async\" class=\"wp-image-9670\" src=\"https:\/\/levifitze.ch\/wp-content\/uploads\/2023\/10\/Bildschirmfoto-2023-10-12-um-21.14.14.png\" width=\"1882\" height=\"1254\" alt=\"\" srcset=\"https:\/\/levifitze.ch\/wp-content\/uploads\/2023\/10\/Bildschirmfoto-2023-10-12-um-21.14.14.png 1882w, https:\/\/levifitze.ch\/wp-content\/uploads\/2023\/10\/Bildschirmfoto-2023-10-12-um-21.14.14-600x400.png 600w, https:\/\/levifitze.ch\/wp-content\/uploads\/2023\/10\/Bildschirmfoto-2023-10-12-um-21.14.14-300x200.png 300w, https:\/\/levifitze.ch\/wp-content\/uploads\/2023\/10\/Bildschirmfoto-2023-10-12-um-21.14.14-1024x682.png 1024w, https:\/\/levifitze.ch\/wp-content\/uploads\/2023\/10\/Bildschirmfoto-2023-10-12-um-21.14.14-768x512.png 768w, https:\/\/levifitze.ch\/wp-content\/uploads\/2023\/10\/Bildschirmfoto-2023-10-12-um-21.14.14-1536x1023.png 1536w, https:\/\/levifitze.ch\/wp-content\/uploads\/2023\/10\/Bildschirmfoto-2023-10-12-um-21.14.14-350x233.png 350w, https:\/\/levifitze.ch\/wp-content\/uploads\/2023\/10\/Bildschirmfoto-2023-10-12-um-21.14.14-1320x880.png 1320w, https:\/\/levifitze.ch\/wp-content\/uploads\/2023\/10\/Bildschirmfoto-2023-10-12-um-21.14.14-uai-720x480.png 720w\" sizes=\"(max-width: 1882px) 100vw, 1882px\" \/><\/div>\n\t\t\t\t\t<\/div>\n\t\t\t\t<\/div><\/div><\/div><\/div><\/div><\/div><\/div><\/div><\/div><\/div><div class=\"wpb_column pos-middle pos-center align_left column_parent col-lg-4 single-internal-gutter\"><div class=\"uncol style-light\"  ><div class=\"uncoltable\"><div class=\"uncell no-block-padding\" ><div class=\"uncont\" ><div class=\"uncode_text_column\" ><\/p>\n<p style=\"text-align: center;\"><span style=\"color: #ffffff; font-size: 18pt;\">Herzlichen Dank f\u00fcr deine Bestellung &amp; Unterst\u00fctzung!<\/span><\/p>\n<p style=\"text-align: center;\"><span style=\"color: #ffffff;\">Please send inquiries to<\/span><\/p>\n<p style=\"text-align: center;\"><span style=\"color: #ffffff;\"> info@levifitze.ch<\/span><\/p>\n<p style=\"text-align: center;\"><span style=\"color: #ffffff; font-size: 8pt;\">Information: Die Bezahlung \u00fcber das Bestellformular funktioniert nur mit Kreditkarte. F\u00fcr alternative Zahlungsm\u00f6glichkeiten (Rechnung, Twint, \u00dcberweisung) bitte ich um eine kurze Email. Danke!<\/span><\/p>\n<p>\n<\/div><\/div><\/div><\/div><\/div><\/div><div class=\"wpb_column pos-top pos-center align_left column_parent col-lg-4 single-internal-gutter\"><div class=\"uncol style-light\"  ><div class=\"uncoltable\"><div class=\"uncell no-block-padding\" ><div class=\"uncont\" ><div class=\"uncode-single-media  text-center\"><div class=\"single-wrapper\" style=\"max-width: 80%;\"><div class=\"tmb tmb-light  tmb-media-first tmb-media-last tmb-content-overlay tmb-no-bg\"><div class=\"t-inside\"><div class=\"t-entry-visual\"><div class=\"t-entry-visual-tc\"><div class=\"uncode-single-media-wrapper\"><img decoding=\"async\" class=\"wp-image-9671\" src=\"https:\/\/levifitze.ch\/wp-content\/uploads\/2023\/10\/Bildschirmfoto-2023-10-12-um-21.14.32.png\" width=\"1884\" height=\"1254\" alt=\"\" srcset=\"https:\/\/levifitze.ch\/wp-content\/uploads\/2023\/10\/Bildschirmfoto-2023-10-12-um-21.14.32.png 1884w, https:\/\/levifitze.ch\/wp-content\/uploads\/2023\/10\/Bildschirmfoto-2023-10-12-um-21.14.32-600x399.png 600w, https:\/\/levifitze.ch\/wp-content\/uploads\/2023\/10\/Bildschirmfoto-2023-10-12-um-21.14.32-300x200.png 300w, https:\/\/levifitze.ch\/wp-content\/uploads\/2023\/10\/Bildschirmfoto-2023-10-12-um-21.14.32-1024x682.png 1024w, https:\/\/levifitze.ch\/wp-content\/uploads\/2023\/10\/Bildschirmfoto-2023-10-12-um-21.14.32-768x511.png 768w, https:\/\/levifitze.ch\/wp-content\/uploads\/2023\/10\/Bildschirmfoto-2023-10-12-um-21.14.32-1536x1022.png 1536w, https:\/\/levifitze.ch\/wp-content\/uploads\/2023\/10\/Bildschirmfoto-2023-10-12-um-21.14.32-350x233.png 350w, https:\/\/levifitze.ch\/wp-content\/uploads\/2023\/10\/Bildschirmfoto-2023-10-12-um-21.14.32-1320x879.png 1320w, https:\/\/levifitze.ch\/wp-content\/uploads\/2023\/10\/Bildschirmfoto-2023-10-12-um-21.14.32-uai-720x479.png 720w\" sizes=\"(max-width: 1884px) 100vw, 1884px\" \/><\/div>\n\t\t\t\t\t<\/div>\n\t\t\t\t<\/div><\/div><\/div><\/div><\/div><\/div><\/div><\/div><\/div><\/div><script id=\"script-row-unique-4\" data-row=\"script-row-unique-4\" type=\"text\/javascript\" class=\"vc_controls\">UNCODE.initRow(document.getElementById(\"row-unique-4\"));<\/script><\/div><\/div><\/div>\n<\/div>","protected":false},"excerpt":{"rendered":"Kalender 2024 R\u00fcckblatt mit Infos zu den Bildern\u00a0 Querformat 45x30cm\u00a0 Gedruckt in Schweizer Fachgesch\u00e4ft (FSC) Ausverkauf 28.00 CHF (statt 38.00 [...]","protected":false},"author":1,"featured_media":0,"parent":0,"menu_order":0,"comment_status":"closed","ping_status":"closed","template":"","meta":{"footnotes":""},"class_list":["post-9641","page","type-page","status-publish","hentry"],"_links":{"self":[{"href":"https:\/\/levifitze.ch\/english\/wp-json\/wp\/v2\/pages\/9641","targetHints":{"allow":["GET"]}}],"collection":[{"href":"https:\/\/levifitze.ch\/english\/wp-json\/wp\/v2\/pages"}],"about":[{"href":"https:\/\/levifitze.ch\/english\/wp-json\/wp\/v2\/types\/page"}],"author":[{"embeddable":true,"href":"https:\/\/levifitze.ch\/english\/wp-json\/wp\/v2\/users\/1"}],"replies":[{"embeddable":true,"href":"https:\/\/levifitze.ch\/english\/wp-json\/wp\/v2\/comments?post=9641"}],"version-history":[{"count":37,"href":"https:\/\/levifitze.ch\/english\/wp-json\/wp\/v2\/pages\/9641\/revisions"}],"predecessor-version":[{"id":10510,"href":"https:\/\/levifitze.ch\/english\/wp-json\/wp\/v2\/pages\/9641\/revisions\/10510"}],"wp:attachment":[{"href":"https:\/\/levifitze.ch\/english\/wp-json\/wp\/v2\/media?parent=9641"}],"curies":[{"name":"wp","href":"https:\/\/api.w.org\/{rel}","templated":true}]}}